{"id":10,"date":"2024-10-08T15:57:14","date_gmt":"2024-10-08T20:57:14","guid":{"rendered":"https:\/\/intisana.com\/store\/carrito\/"},"modified":"2024-11-07T14:49:34","modified_gmt":"2024-11-07T19:49:34","slug":"carrito","status":"publish","type":"page","link":"https:\/\/intisana.com\/store\/carrito\/","title":{"rendered":"Carrito"},"content":{"rendered":"\t\t<div data-elementor-type=\"wp-page\" data-elementor-id=\"10\" class=\"elementor elementor-10\" data-elementor-post-type=\"page\">\n\t\t\t\t<div class=\"elementor-element elementor-element-0b94e22 e-con-full e-flex e-con e-parent\" data-id=\"0b94e22\" data-element_type=\"container\">\n\t\t\t\t<div class=\"elementor-element elementor-element-5a4724d elementor-widget elementor-widget-heading\" data-id=\"5a4724d\" data-element_type=\"widget\" data-widget_type=\"heading.default\">\n\t\t\t\t<div class=\"elementor-widget-container\">\n\t\t\t\t\t<h2 class=\"elementor-heading-title elementor-size-default\">Carrito de compras<\/h2>\t\t\t\t<\/div>\n\t\t\t\t<\/div>\n\t\t\t\t<\/div>\n\t\t\t\t<\/div>\n\t\t","protected":false},"excerpt":{"rendered":"<p>Carrito de compras Eliminar art\u00edculo Imagen en miniatura Producto Precio Cantidad Subtotal &times; Termo Intisana &#36;6,00 Termo Intisana cantidad &#36;6,00 &times; Eagles Hats &#36;10,00 Eagles Hats cantidad &#36;20,00 &times; Cancha Sint\u00e9tica 1 (jaula) De: 20 de noviembre de 2024 16:00 A: 20 de noviembre de 2024 18:00 Duraci\u00f3n: 2 horas &#36;60,00 Cancha Sint\u00e9tica 1 (jaula) [&hellip;]<\/p>\n","protected":false},"author":1,"featured_media":0,"parent":0,"menu_order":0,"comment_status":"closed","ping_status":"closed","template":"elementor_header_footer","meta":{"footnotes":""},"class_list":["post-10","page","type-page","status-publish","hentry"],"yoast_head":"<!-- This site is optimized with the Yoast SEO plugin v26.8 - https:\/\/yoast.com\/product\/yoast-seo-wordpress\/ -->\n<title>Carrito - Intisana Store<\/title>\n<meta name=\"robots\" content=\"index, follow, max-snippet:-1, max-image-preview:large, max-video-preview:-1\" \/>\n<link rel=\"canonical\" href=\"https:\/\/intisana.com\/store\/carrito\/\" \/>\n<meta property=\"og:locale\" content=\"es_ES\" \/>\n<meta property=\"og:type\" content=\"article\" \/>\n<meta property=\"og:title\" content=\"Carrito - Intisana Store\" \/>\n<meta property=\"og:description\" content=\"Carrito de compras Eliminar art\u00edculo Imagen en miniatura Producto Precio Cantidad Subtotal &times; Termo Intisana &#036;6,00 Termo Intisana cantidad &#036;6,00 &times; Eagles Hats &#036;10,00 Eagles Hats cantidad &#036;20,00 &times; Cancha Sint\u00e9tica 1 (jaula) De: 20 de noviembre de 2024 16:00 A: 20 de noviembre de 2024 18:00 Duraci\u00f3n: 2 horas &#036;60,00 Cancha Sint\u00e9tica 1 (jaula) [&hellip;]\" \/>\n<meta property=\"og:url\" content=\"https:\/\/intisana.com\/store\/carrito\/\" \/>\n<meta property=\"og:site_name\" content=\"Intisana Store\" \/>\n<meta property=\"article:modified_time\" content=\"2024-11-07T19:49:34+00:00\" \/>\n<meta property=\"og:image\" content=\"https:\/\/intisana.com\/store\/wp-content\/uploads\/2024\/10\/tomatodo-producto-300x300.png\" \/>\n<meta name=\"twitter:card\" content=\"summary_large_image\" \/>\n<meta name=\"twitter:label1\" content=\"Tiempo de lectura\" \/>\n\t<meta name=\"twitter:data1\" content=\"1 minuto\" \/>\n<script type=\"application\/ld+json\" class=\"yoast-schema-graph\">{\"@context\":\"https:\/\/schema.org\",\"@graph\":[{\"@type\":\"WebPage\",\"@id\":\"https:\/\/intisana.com\/store\/carrito\/\",\"url\":\"https:\/\/intisana.com\/store\/carrito\/\",\"name\":\"Carrito - Intisana Store\",\"isPartOf\":{\"@id\":\"https:\/\/intisana.com\/store\/#website\"},\"primaryImageOfPage\":{\"@id\":\"https:\/\/intisana.com\/store\/carrito\/#primaryimage\"},\"image\":{\"@id\":\"https:\/\/intisana.com\/store\/carrito\/#primaryimage\"},\"thumbnailUrl\":\"https:\/\/intisana.com\/store\/wp-content\/uploads\/2024\/10\/tomatodo-producto-300x300.png\",\"datePublished\":\"2024-10-08T20:57:14+00:00\",\"dateModified\":\"2024-11-07T19:49:34+00:00\",\"breadcrumb\":{\"@id\":\"https:\/\/intisana.com\/store\/carrito\/#breadcrumb\"},\"inLanguage\":\"es\",\"potentialAction\":[{\"@type\":\"ReadAction\",\"target\":[\"https:\/\/intisana.com\/store\/carrito\/\"]}]},{\"@type\":\"ImageObject\",\"inLanguage\":\"es\",\"@id\":\"https:\/\/intisana.com\/store\/carrito\/#primaryimage\",\"url\":\"https:\/\/intisana.com\/store\/wp-content\/uploads\/2024\/10\/tomatodo-producto.png\",\"contentUrl\":\"https:\/\/intisana.com\/store\/wp-content\/uploads\/2024\/10\/tomatodo-producto.png\",\"width\":1000,\"height\":1000},{\"@type\":\"BreadcrumbList\",\"@id\":\"https:\/\/intisana.com\/store\/carrito\/#breadcrumb\",\"itemListElement\":[{\"@type\":\"ListItem\",\"position\":1,\"name\":\"Portada\",\"item\":\"https:\/\/intisana.com\/store\/\"},{\"@type\":\"ListItem\",\"position\":2,\"name\":\"Carrito\"}]},{\"@type\":\"WebSite\",\"@id\":\"https:\/\/intisana.com\/store\/#website\",\"url\":\"https:\/\/intisana.com\/store\/\",\"name\":\"Intisana Store\",\"description\":\"\",\"publisher\":{\"@id\":\"https:\/\/intisana.com\/store\/#organization\"},\"potentialAction\":[{\"@type\":\"SearchAction\",\"target\":{\"@type\":\"EntryPoint\",\"urlTemplate\":\"https:\/\/intisana.com\/store\/?s={search_term_string}\"},\"query-input\":{\"@type\":\"PropertyValueSpecification\",\"valueRequired\":true,\"valueName\":\"search_term_string\"}}],\"inLanguage\":\"es\"},{\"@type\":\"Organization\",\"@id\":\"https:\/\/intisana.com\/store\/#organization\",\"name\":\"Intisana Store\",\"url\":\"https:\/\/intisana.com\/store\/\",\"logo\":{\"@type\":\"ImageObject\",\"inLanguage\":\"es\",\"@id\":\"https:\/\/intisana.com\/store\/#\/schema\/logo\/image\/\",\"url\":\"https:\/\/intisana.com\/store\/wp-content\/uploads\/2025\/09\/logo-intisana-shop-300x43-1-e1757964834151.png\",\"contentUrl\":\"https:\/\/intisana.com\/store\/wp-content\/uploads\/2025\/09\/logo-intisana-shop-300x43-1-e1757964834151.png\",\"width\":220,\"height\":32,\"caption\":\"Intisana Store\"},\"image\":{\"@id\":\"https:\/\/intisana.com\/store\/#\/schema\/logo\/image\/\"}}]}<\/script>\n<!-- \/ Yoast SEO plugin. -->","yoast_head_json":{"title":"Carrito - Intisana Store","robots":{"index":"index","follow":"follow","max-snippet":"max-snippet:-1","max-image-preview":"max-image-preview:large","max-video-preview":"max-video-preview:-1"},"canonical":"https:\/\/intisana.com\/store\/carrito\/","og_locale":"es_ES","og_type":"article","og_title":"Carrito - Intisana Store","og_description":"Carrito de compras Eliminar art\u00edculo Imagen en miniatura Producto Precio Cantidad Subtotal &times; Termo Intisana &#36;6,00 Termo Intisana cantidad &#36;6,00 &times; Eagles Hats &#36;10,00 Eagles Hats cantidad &#36;20,00 &times; Cancha Sint\u00e9tica 1 (jaula) De: 20 de noviembre de 2024 16:00 A: 20 de noviembre de 2024 18:00 Duraci\u00f3n: 2 horas &#36;60,00 Cancha Sint\u00e9tica 1 (jaula) [&hellip;]","og_url":"https:\/\/intisana.com\/store\/carrito\/","og_site_name":"Intisana Store","article_modified_time":"2024-11-07T19:49:34+00:00","og_image":[{"url":"https:\/\/intisana.com\/store\/wp-content\/uploads\/2024\/10\/tomatodo-producto-300x300.png","type":"","width":"","height":""}],"twitter_card":"summary_large_image","twitter_misc":{"Tiempo de lectura":"1 minuto"},"schema":{"@context":"https:\/\/schema.org","@graph":[{"@type":"WebPage","@id":"https:\/\/intisana.com\/store\/carrito\/","url":"https:\/\/intisana.com\/store\/carrito\/","name":"Carrito - Intisana Store","isPartOf":{"@id":"https:\/\/intisana.com\/store\/#website"},"primaryImageOfPage":{"@id":"https:\/\/intisana.com\/store\/carrito\/#primaryimage"},"image":{"@id":"https:\/\/intisana.com\/store\/carrito\/#primaryimage"},"thumbnailUrl":"https:\/\/intisana.com\/store\/wp-content\/uploads\/2024\/10\/tomatodo-producto-300x300.png","datePublished":"2024-10-08T20:57:14+00:00","dateModified":"2024-11-07T19:49:34+00:00","breadcrumb":{"@id":"https:\/\/intisana.com\/store\/carrito\/#breadcrumb"},"inLanguage":"es","potentialAction":[{"@type":"ReadAction","target":["https:\/\/intisana.com\/store\/carrito\/"]}]},{"@type":"ImageObject","inLanguage":"es","@id":"https:\/\/intisana.com\/store\/carrito\/#primaryimage","url":"https:\/\/intisana.com\/store\/wp-content\/uploads\/2024\/10\/tomatodo-producto.png","contentUrl":"https:\/\/intisana.com\/store\/wp-content\/uploads\/2024\/10\/tomatodo-producto.png","width":1000,"height":1000},{"@type":"BreadcrumbList","@id":"https:\/\/intisana.com\/store\/carrito\/#breadcrumb","itemListElement":[{"@type":"ListItem","position":1,"name":"Portada","item":"https:\/\/intisana.com\/store\/"},{"@type":"ListItem","position":2,"name":"Carrito"}]},{"@type":"WebSite","@id":"https:\/\/intisana.com\/store\/#website","url":"https:\/\/intisana.com\/store\/","name":"Intisana Store","description":"","publisher":{"@id":"https:\/\/intisana.com\/store\/#organization"},"potentialAction":[{"@type":"SearchAction","target":{"@type":"EntryPoint","urlTemplate":"https:\/\/intisana.com\/store\/?s={search_term_string}"},"query-input":{"@type":"PropertyValueSpecification","valueRequired":true,"valueName":"search_term_string"}}],"inLanguage":"es"},{"@type":"Organization","@id":"https:\/\/intisana.com\/store\/#organization","name":"Intisana Store","url":"https:\/\/intisana.com\/store\/","logo":{"@type":"ImageObject","inLanguage":"es","@id":"https:\/\/intisana.com\/store\/#\/schema\/logo\/image\/","url":"https:\/\/intisana.com\/store\/wp-content\/uploads\/2025\/09\/logo-intisana-shop-300x43-1-e1757964834151.png","contentUrl":"https:\/\/intisana.com\/store\/wp-content\/uploads\/2025\/09\/logo-intisana-shop-300x43-1-e1757964834151.png","width":220,"height":32,"caption":"Intisana Store"},"image":{"@id":"https:\/\/intisana.com\/store\/#\/schema\/logo\/image\/"}}]}},"_links":{"self":[{"href":"https:\/\/intisana.com\/store\/wp-json\/wp\/v2\/pages\/10","targetHints":{"allow":["GET"]}}],"collection":[{"href":"https:\/\/intisana.com\/store\/wp-json\/wp\/v2\/pages"}],"about":[{"href":"https:\/\/intisana.com\/store\/wp-json\/wp\/v2\/types\/page"}],"author":[{"embeddable":true,"href":"https:\/\/intisana.com\/store\/wp-json\/wp\/v2\/users\/1"}],"replies":[{"embeddable":true,"href":"https:\/\/intisana.com\/store\/wp-json\/wp\/v2\/comments?post=10"}],"version-history":[{"count":38,"href":"https:\/\/intisana.com\/store\/wp-json\/wp\/v2\/pages\/10\/revisions"}],"predecessor-version":[{"id":847,"href":"https:\/\/intisana.com\/store\/wp-json\/wp\/v2\/pages\/10\/revisions\/847"}],"wp:attachment":[{"href":"https:\/\/intisana.com\/store\/wp-json\/wp\/v2\/media?parent=10"}],"curies":[{"name":"wp","href":"https:\/\/api.w.org\/{rel}","templated":true}]}}