{"id":105,"date":"2024-10-08T18:06:25","date_gmt":"2024-10-08T23:06:25","guid":{"rendered":"https:\/\/intisana.com\/store\/?page_id=105"},"modified":"2024-12-02T12:08:35","modified_gmt":"2024-12-02T17:08:35","slug":"terminos-y-condiciones","status":"publish","type":"page","link":"https:\/\/intisana.com\/store\/terminos-y-condiciones\/","title":{"rendered":"T\u00e9rminos y condiciones"},"content":{"rendered":"\t\t<div data-elementor-type=\"wp-page\" data-elementor-id=\"105\" class=\"elementor elementor-105\" data-elementor-post-type=\"page\">\n\t\t\t\t<div class=\"elementor-element elementor-element-00d9094 e-con-full e-flex e-con e-parent\" data-id=\"00d9094\" data-element_type=\"container\">\n\t\t\t\t<div class=\"elementor-element elementor-element-3cee672 elementor-widget elementor-widget-heading\" data-id=\"3cee672\" data-element_type=\"widget\" data-widget_type=\"heading.default\">\n\t\t\t\t<div class=\"elementor-widget-container\">\n\t\t\t\t\t<h2 class=\"elementor-heading-title elementor-size-default\">T\u00e9rminos y condiciones<\/h2>\t\t\t\t<\/div>\n\t\t\t\t<\/div>\n\t\t\t\t<div class=\"elementor-element elementor-element-0695e27 elementor-widget elementor-widget-text-editor\" data-id=\"0695e27\" data-element_type=\"widget\" data-widget_type=\"text-editor.default\">\n\t\t\t\t<div class=\"elementor-widget-container\">\n\t\t\t\t\t\t\t\t\t<p>El acceso y uso de este sitio web se rige bajo los t\u00e9rminos descritos a continuaci\u00f3n. Todas las compras y transacciones que se ejecuten mediante el sistema de oferta y promoci\u00f3n comprendido en este sitio web se regir\u00e1n por los t\u00e9rminos y condiciones contenidos en este documento.<\/p><p><b>Registro del Usuario o Cliente<\/b><\/p><p>Es un requisito necesario para la adquisici\u00f3n de productos ofrecidos en este sitio, participaci\u00f3n en promociones, utilizaci\u00f3n de los servicios en l\u00ednea relacionados con la tienda online, la aceptaci\u00f3n de las Pol\u00edticas de Privacidad y el registro por parte del usuario, definiendo una clave de acceso.<\/p><p>El registro de usuarios podr\u00e1 ser verificado a trav\u00e9s de gesti\u00f3n telef\u00f3nica por parte de un representante de INTISANA SHOP.<\/p><p>El registro de cada usuario se realiza llenando los campos del formulario del registro contenido en el sitio web y realizando su env\u00edo electr\u00f3nico, el mismo, se genera de manera autom\u00e1tica pulsando el bot\u00f3n de \u201cGuardar\u201d al final de dicho formulario.<\/p><p><b>Clave Secreta<\/b><\/p><p>El cliente definir\u00e1 durante su registro un usuario y contrase\u00f1a que le permitir\u00e1 el acceso personalizado, confidencial y seguro. El cliente registrado tendr\u00e1 la posibilidad de cambiar la clave de acceso, para lo cual deber\u00e1 sujetarse al procedimiento establecido en este sitio.<\/p><p>El usuario asume totalmente la responsabilidad por el mantenimiento de la confidencialidad de su clave secreta registrada en este sitio web, la cual le permite efectuar compras, solicitar servicios y obtener informaci\u00f3n. Dicha clave es de uso personal y su entrega a terceros no involucra responsabilidad de INTISANA SHOP\u00a0en caso de mala utilizaci\u00f3n.<\/p><p><b>Uso de los Datos Personales Registrados en el Sitio<\/b><\/p><p>Los datos referidos en estos t\u00e9rminos y condiciones para el registro y compra en l\u00ednea, tendr\u00e1n como finalidad validar las \u00f3rdenes de compra y mejorar la labor de informaci\u00f3n y comercializaci\u00f3n de los productos y servicios prestados por INTISANA SHOP.\u00a0Esta informaci\u00f3n es de car\u00e1cter confidencial y su manejo se rige por la Pol\u00edtica de Seguridad del sitio\u00a0www.intisanashop.com<\/p><p><b>De las Comunicaciones Electr\u00f3nicas<\/b><\/p><p>La comunicaci\u00f3n promocional o publicitaria enviada electr\u00f3nicamente desde este sitio mostrar\u00e1 el asunto o t\u00edtulo al que se refiere, nuestra identidad como remitente y, links para que el destinatario, si lo desea, pueda solicitar la suspensi\u00f3n de esos env\u00edos, de esta forma los usuarios podr\u00e1n desuscribirse, cumpliendo la ley de comercio electr\u00f3nico de Ecuador.<\/p>\t\t\t\t\t\t\t\t<\/div>\n\t\t\t\t<\/div>\n\t\t\t\t<\/div>\n\t\t\t\t<\/div>\n\t\t","protected":false},"excerpt":{"rendered":"<p>T\u00e9rminos y condiciones El acceso y uso de este sitio web se rige bajo los t\u00e9rminos descritos a continuaci\u00f3n. Todas las compras y transacciones que se ejecuten mediante el sistema de oferta y promoci\u00f3n comprendido en este sitio web se regir\u00e1n por los t\u00e9rminos y condiciones contenidos en este documento. Registro del Usuario o Cliente [&hellip;]<\/p>\n","protected":false},"author":1,"featured_media":0,"parent":0,"menu_order":0,"comment_status":"closed","ping_status":"closed","template":"elementor_header_footer","meta":{"footnotes":""},"class_list":["post-105","page","type-page","status-publish","hentry"],"yoast_head":"<!-- This site is optimized with the Yoast SEO plugin v26.8 - https:\/\/yoast.com\/product\/yoast-seo-wordpress\/ -->\n<title>T\u00e9rminos y condiciones - Intisana Store<\/title>\n<meta name=\"robots\" content=\"index, follow, max-snippet:-1, max-image-preview:large, max-video-preview:-1\" \/>\n<link rel=\"canonical\" href=\"https:\/\/intisana.com\/store\/terminos-y-condiciones\/\" \/>\n<meta property=\"og:locale\" content=\"es_ES\" \/>\n<meta property=\"og:type\" content=\"article\" \/>\n<meta property=\"og:title\" content=\"T\u00e9rminos y condiciones - Intisana Store\" \/>\n<meta property=\"og:description\" content=\"T\u00e9rminos y condiciones El acceso y uso de este sitio web se rige bajo los t\u00e9rminos descritos a continuaci\u00f3n. Todas las compras y transacciones que se ejecuten mediante el sistema de oferta y promoci\u00f3n comprendido en este sitio web se regir\u00e1n por los t\u00e9rminos y condiciones contenidos en este documento. Registro del Usuario o Cliente [&hellip;]\" \/>\n<meta property=\"og:url\" content=\"https:\/\/intisana.com\/store\/terminos-y-condiciones\/\" \/>\n<meta property=\"og:site_name\" content=\"Intisana Store\" \/>\n<meta property=\"article:modified_time\" content=\"2024-12-02T17:08:35+00:00\" \/>\n<meta name=\"twitter:card\" content=\"summary_large_image\" \/>\n<meta name=\"twitter:label1\" content=\"Tiempo de lectura\" \/>\n\t<meta name=\"twitter:data1\" content=\"2 minutos\" \/>\n<script type=\"application\/ld+json\" class=\"yoast-schema-graph\">{\"@context\":\"https:\/\/schema.org\",\"@graph\":[{\"@type\":\"WebPage\",\"@id\":\"https:\/\/intisana.com\/store\/terminos-y-condiciones\/\",\"url\":\"https:\/\/intisana.com\/store\/terminos-y-condiciones\/\",\"name\":\"T\u00e9rminos y condiciones - Intisana Store\",\"isPartOf\":{\"@id\":\"https:\/\/intisana.com\/store\/#website\"},\"datePublished\":\"2024-10-08T23:06:25+00:00\",\"dateModified\":\"2024-12-02T17:08:35+00:00\",\"breadcrumb\":{\"@id\":\"https:\/\/intisana.com\/store\/terminos-y-condiciones\/#breadcrumb\"},\"inLanguage\":\"es\",\"potentialAction\":[{\"@type\":\"ReadAction\",\"target\":[\"https:\/\/intisana.com\/store\/terminos-y-condiciones\/\"]}]},{\"@type\":\"BreadcrumbList\",\"@id\":\"https:\/\/intisana.com\/store\/terminos-y-condiciones\/#breadcrumb\",\"itemListElement\":[{\"@type\":\"ListItem\",\"position\":1,\"name\":\"Portada\",\"item\":\"https:\/\/intisana.com\/store\/\"},{\"@type\":\"ListItem\",\"position\":2,\"name\":\"T\u00e9rminos y condiciones\"}]},{\"@type\":\"WebSite\",\"@id\":\"https:\/\/intisana.com\/store\/#website\",\"url\":\"https:\/\/intisana.com\/store\/\",\"name\":\"Intisana Store\",\"description\":\"\",\"publisher\":{\"@id\":\"https:\/\/intisana.com\/store\/#organization\"},\"potentialAction\":[{\"@type\":\"SearchAction\",\"target\":{\"@type\":\"EntryPoint\",\"urlTemplate\":\"https:\/\/intisana.com\/store\/?s={search_term_string}\"},\"query-input\":{\"@type\":\"PropertyValueSpecification\",\"valueRequired\":true,\"valueName\":\"search_term_string\"}}],\"inLanguage\":\"es\"},{\"@type\":\"Organization\",\"@id\":\"https:\/\/intisana.com\/store\/#organization\",\"name\":\"Intisana Store\",\"url\":\"https:\/\/intisana.com\/store\/\",\"logo\":{\"@type\":\"ImageObject\",\"inLanguage\":\"es\",\"@id\":\"https:\/\/intisana.com\/store\/#\/schema\/logo\/image\/\",\"url\":\"https:\/\/intisana.com\/store\/wp-content\/uploads\/2025\/09\/logo-intisana-shop-300x43-1-e1757964834151.png\",\"contentUrl\":\"https:\/\/intisana.com\/store\/wp-content\/uploads\/2025\/09\/logo-intisana-shop-300x43-1-e1757964834151.png\",\"width\":220,\"height\":32,\"caption\":\"Intisana Store\"},\"image\":{\"@id\":\"https:\/\/intisana.com\/store\/#\/schema\/logo\/image\/\"}}]}<\/script>\n<!-- \/ Yoast SEO plugin. -->","yoast_head_json":{"title":"T\u00e9rminos y condiciones - Intisana Store","robots":{"index":"index","follow":"follow","max-snippet":"max-snippet:-1","max-image-preview":"max-image-preview:large","max-video-preview":"max-video-preview:-1"},"canonical":"https:\/\/intisana.com\/store\/terminos-y-condiciones\/","og_locale":"es_ES","og_type":"article","og_title":"T\u00e9rminos y condiciones - Intisana Store","og_description":"T\u00e9rminos y condiciones El acceso y uso de este sitio web se rige bajo los t\u00e9rminos descritos a continuaci\u00f3n. Todas las compras y transacciones que se ejecuten mediante el sistema de oferta y promoci\u00f3n comprendido en este sitio web se regir\u00e1n por los t\u00e9rminos y condiciones contenidos en este documento. Registro del Usuario o Cliente [&hellip;]","og_url":"https:\/\/intisana.com\/store\/terminos-y-condiciones\/","og_site_name":"Intisana Store","article_modified_time":"2024-12-02T17:08:35+00:00","twitter_card":"summary_large_image","twitter_misc":{"Tiempo de lectura":"2 minutos"},"schema":{"@context":"https:\/\/schema.org","@graph":[{"@type":"WebPage","@id":"https:\/\/intisana.com\/store\/terminos-y-condiciones\/","url":"https:\/\/intisana.com\/store\/terminos-y-condiciones\/","name":"T\u00e9rminos y condiciones - Intisana Store","isPartOf":{"@id":"https:\/\/intisana.com\/store\/#website"},"datePublished":"2024-10-08T23:06:25+00:00","dateModified":"2024-12-02T17:08:35+00:00","breadcrumb":{"@id":"https:\/\/intisana.com\/store\/terminos-y-condiciones\/#breadcrumb"},"inLanguage":"es","potentialAction":[{"@type":"ReadAction","target":["https:\/\/intisana.com\/store\/terminos-y-condiciones\/"]}]},{"@type":"BreadcrumbList","@id":"https:\/\/intisana.com\/store\/terminos-y-condiciones\/#breadcrumb","itemListElement":[{"@type":"ListItem","position":1,"name":"Portada","item":"https:\/\/intisana.com\/store\/"},{"@type":"ListItem","position":2,"name":"T\u00e9rminos y condiciones"}]},{"@type":"WebSite","@id":"https:\/\/intisana.com\/store\/#website","url":"https:\/\/intisana.com\/store\/","name":"Intisana Store","description":"","publisher":{"@id":"https:\/\/intisana.com\/store\/#organization"},"potentialAction":[{"@type":"SearchAction","target":{"@type":"EntryPoint","urlTemplate":"https:\/\/intisana.com\/store\/?s={search_term_string}"},"query-input":{"@type":"PropertyValueSpecification","valueRequired":true,"valueName":"search_term_string"}}],"inLanguage":"es"},{"@type":"Organization","@id":"https:\/\/intisana.com\/store\/#organization","name":"Intisana Store","url":"https:\/\/intisana.com\/store\/","logo":{"@type":"ImageObject","inLanguage":"es","@id":"https:\/\/intisana.com\/store\/#\/schema\/logo\/image\/","url":"https:\/\/intisana.com\/store\/wp-content\/uploads\/2025\/09\/logo-intisana-shop-300x43-1-e1757964834151.png","contentUrl":"https:\/\/intisana.com\/store\/wp-content\/uploads\/2025\/09\/logo-intisana-shop-300x43-1-e1757964834151.png","width":220,"height":32,"caption":"Intisana Store"},"image":{"@id":"https:\/\/intisana.com\/store\/#\/schema\/logo\/image\/"}}]}},"_links":{"self":[{"href":"https:\/\/intisana.com\/store\/wp-json\/wp\/v2\/pages\/105","targetHints":{"allow":["GET"]}}],"collection":[{"href":"https:\/\/intisana.com\/store\/wp-json\/wp\/v2\/pages"}],"about":[{"href":"https:\/\/intisana.com\/store\/wp-json\/wp\/v2\/types\/page"}],"author":[{"embeddable":true,"href":"https:\/\/intisana.com\/store\/wp-json\/wp\/v2\/users\/1"}],"replies":[{"embeddable":true,"href":"https:\/\/intisana.com\/store\/wp-json\/wp\/v2\/comments?post=105"}],"version-history":[{"count":25,"href":"https:\/\/intisana.com\/store\/wp-json\/wp\/v2\/pages\/105\/revisions"}],"predecessor-version":[{"id":1234,"href":"https:\/\/intisana.com\/store\/wp-json\/wp\/v2\/pages\/105\/revisions\/1234"}],"wp:attachment":[{"href":"https:\/\/intisana.com\/store\/wp-json\/wp\/v2\/media?parent=105"}],"curies":[{"name":"wp","href":"https:\/\/api.w.org\/{rel}","templated":true}]}}