{"id":1190,"date":"2024-11-25T10:05:09","date_gmt":"2024-11-25T15:05:09","guid":{"rendered":"https:\/\/intisana.com\/store\/?page_id=1190"},"modified":"2024-11-27T12:04:36","modified_gmt":"2024-11-27T17:04:36","slug":"preguntas-frecuentes-ptp","status":"publish","type":"page","link":"https:\/\/intisana.com\/store\/preguntas-frecuentes-ptp\/","title":{"rendered":"Preguntas Frecuentes Place to Pay"},"content":{"rendered":"\t\t<div data-elementor-type=\"wp-page\" data-elementor-id=\"1190\" class=\"elementor elementor-1190\" data-elementor-post-type=\"page\">\n\t\t\t\t<div class=\"elementor-element elementor-element-00d9094 e-con-full e-flex e-con e-parent\" data-id=\"00d9094\" data-element_type=\"container\">\n\t\t\t\t<div class=\"elementor-element elementor-element-3cee672 elementor-widget elementor-widget-heading\" data-id=\"3cee672\" data-element_type=\"widget\" data-widget_type=\"heading.default\">\n\t\t\t\t<div class=\"elementor-widget-container\">\n\t\t\t\t\t<h2 class=\"elementor-heading-title elementor-size-default\">Preguntas frecuentes sobre pagos electr\u00f3nicos<\/h2>\t\t\t\t<\/div>\n\t\t\t\t<\/div>\n\t\t\t\t<div class=\"elementor-element elementor-element-0695e27 elementor-widget elementor-widget-text-editor\" data-id=\"0695e27\" data-element_type=\"widget\" data-widget_type=\"text-editor.default\">\n\t\t\t\t<div class=\"elementor-widget-container\">\n\t\t\t\t\t\t\t\t\t<p>En este documento, usted encontrar\u00e1 una secci\u00f3n de preguntas y respuestas que le ayudar\u00e1 a sus usuarios a aclarar sus dudas sobre los pagos electr\u00f3nicos procesados a trav\u00e9s de <strong>Place<\/strong><strong>to<\/strong><strong>pay<\/strong>.\u00a0 Recuerde que debe incluirlas en su sitio web.<\/p><ol><li><strong>\u00bfQu\u00e9 es <\/strong><strong>Place<\/strong><strong>to<\/strong><strong>pay<\/strong><strong>? <\/strong><\/li><\/ol><p><strong>Place<\/strong><strong>to<\/strong><strong>pay<\/strong> es la plataforma de pagos electr\u00f3nicos que usa FINDES &#8211; INTISANA para procesar en l\u00ednea las transacciones generadas en la tienda virtual con las formas de pago habilitadas para tal fin.\u00a0<\/p><ol start=\"2\"><li><strong>\u00bfC\u00f3mo puedo pagar?<\/strong><\/li><\/ol><p>En la tienda virtual de FINDES &#8211; INTISANA usted podr\u00e1 realizar su pago con los medios habilitados para tal fin. Usted, de acuerdo a las opciones de pago escogidas por el comercio, podr\u00e1 pagar a trav\u00e9s <strong>Diners, Discover, Visa y MasterCard<\/strong>; de todos los bancos con pago corriente y en los diferido, \u00fanicamente las tarjetas emitidas por Banco Pichincha, Diners, Loja, BGR y Manab\u00ed.<\/p><ol start=\"3\"><li><strong>\u00bfEs seguro ingresar mis datos bancarios en este sitio web? <\/strong><\/li><\/ol><p>Para proteger tus datos\u2002FINDES &#8211; INTISANA delega en <strong>Place<\/strong><strong>to<\/strong><strong>pay<\/strong> la captura de la informaci\u00f3n sensible. Nuestra plataforma de pagos cumple con los m\u00e1s altos est\u00e1ndares exigidos por la norma internacional PCI DSS de seguridad en transacciones con tarjeta de cr\u00e9dito. Adem\u00e1s tiene certificado de seguridad SSL expedido por GeoTrust una compa\u00f1\u00eda Verisign, el cual garantiza comunicaciones seguras mediante la encriptaci\u00f3n de todos los datos hacia y desde el sitio; de esta manera, te podr\u00e1s sentir seguro a la hora de ingresar la informaci\u00f3n de su tarjeta.<\/p><p>Durante el proceso de pago, en el navegador se muestra el nombre de la organizaci\u00f3n autenticada, la autoridad que lo certifica y la barra de direcci\u00f3n cambia a color verde. Estas caracter\u00edsticas son visibles de inmediato y dan garant\u00eda y confianza para completar la transacci\u00f3n en <strong>Place<\/strong><strong>to<\/strong><strong>pay<\/strong>.<\/p><p><strong>Place<\/strong><strong>to<\/strong><strong>pay<\/strong> tambi\u00e9n cuenta con el monitoreo constante de McAfee Secure y la firma de mensajes electr\u00f3nicos con Certic\u00e1mara.<\/p><p><strong>Place<\/strong><strong>to<\/strong><strong>pay<\/strong> es una marca de la empresa colombiana EGM Ingenier\u00eda Sin Fronteras S.A.S.<\/p><ol start=\"4\"><li><strong>\u00bfPuedo realizar el pago cualquier d\u00eda y a cualquier hora? <\/strong><\/li><\/ol><p>S\u00ed, en FINDES &#8211; INTISANA podr\u00e1s realizar tus compras en l\u00ednea los 7 d\u00edas de la semana, las 24 horas del d\u00eda a s\u00f3lo un clic de distancia.<\/p><ol start=\"5\"><li><strong>\u00bfPuedo cambiar la forma de pago?<\/strong><\/li><\/ol><p>Si a\u00fan no has finalizado tu pago, podr\u00e1s volver al paso inicial y elegir la forma de pago que prefieras. Una vez finalizada la compra no es posible cambiar la forma de pago.<strong><em>\u00a0<\/em><\/strong><\/p><ol start=\"6\"><li><strong>\u00bfPagar electr\u00f3nicamente tiene alg\u00fan valor para m\u00ed como comprador? <\/strong><\/li><\/ol><p>No, los pagos electr\u00f3nicos realizados a trav\u00e9s de <strong>Place<\/strong><strong>to<\/strong><strong>pay<\/strong> no generan costos adicionales para el comprador.<\/p><ol start=\"7\"><li><strong>\u00bfQu\u00e9 debo hacer si mi transacci\u00f3n no concluy\u00f3?<\/strong><\/li><\/ol><p>En primera instancia deber\u00e1s revisar si lleg\u00f3 un mail de confirmaci\u00f3n del pago en tu cuenta de correo electr\u00f3nico (la inscrita en el momento de realizar el pago), en caso de no haberlo recibido, deber\u00e1s contactar a colecturia1@intisana.com para confirmar el estado de la transacci\u00f3n.<\/p><p>En caso que tu transacci\u00f3n haya declinado, debes verificar si la informaci\u00f3n de la cuenta es v\u00e1lida, est\u00e1 habilitada para compras no presenciales y si tienes cupo o saldo disponible. Si despu\u00e9s de esto continua con la declinaci\u00f3n debes comunicarte con FINDES &#8211; INTISANA. En \u00faltima instancia, puedes remitir tu solicitud a <a href=\"mailto:servicioposventa@placetopay.ec\">servicioposventa@placetopay.ec<\/a>.<\/p><ol start=\"8\"><li><strong>\u00bfQu\u00e9 debo hacer si no recib\u00ed el comprobante de pago?<\/strong><\/li><\/ol><p>Por cada transacci\u00f3n aprobada a trav\u00e9s de <strong>Place<\/strong><strong>to<\/strong><strong>pay<\/strong>, recibir\u00e1s un comprobante del pago con la referencia de compra en la direcci\u00f3n de correo electr\u00f3nico que indicaste al momento de pagar.\u00a0 Si no lo recibes, podr\u00e1s contactar a la l\u00ednea <strong>02-2440-128<\/strong> o al correo electr\u00f3nico colecturia1@intisana.com, para solicitar el reenv\u00edo del comprobante a la misma direcci\u00f3n de correo electr\u00f3nico registrada al momento de pagar. En \u00faltima instancia, puedes remitir tu solicitud a <a href=\"mailto:servicioposventa@placetopay.ec\">servicioposventa@placetopay.ec<\/a>.<\/p><ol start=\"9\"><li><strong> No me lleg\u00f3 el producto que compr\u00e9 \u00bfqu\u00e9 hago?<\/strong><\/li><\/ol><p>Debes verificar si la transacci\u00f3n fue exitosa en tu extracto bancario. En caso de ser as\u00ed, debes revisar nuestras pol\u00edticas de env\u00edo en el sitio web https:\/\/www.intisana.com\/ para identificar los tiempos de entrega.<\/p>\t\t\t\t\t\t\t\t<\/div>\n\t\t\t\t<\/div>\n\t\t\t\t<\/div>\n\t\t\t\t<\/div>\n\t\t","protected":false},"excerpt":{"rendered":"<p>Preguntas frecuentes sobre pagos electr\u00f3nicos En este documento, usted encontrar\u00e1 una secci\u00f3n de preguntas y respuestas que le ayudar\u00e1 a sus usuarios a aclarar sus dudas sobre los pagos electr\u00f3nicos procesados a trav\u00e9s de Placetopay.\u00a0 Recuerde que debe incluirlas en su sitio web. \u00bfQu\u00e9 es Placetopay? Placetopay es la plataforma de pagos electr\u00f3nicos que usa [&hellip;]<\/p>\n","protected":false},"author":1,"featured_media":0,"parent":0,"menu_order":0,"comment_status":"closed","ping_status":"closed","template":"elementor_header_footer","meta":{"footnotes":""},"class_list":["post-1190","page","type-page","status-publish","hentry"],"yoast_head":"<!-- This site is optimized with the Yoast SEO plugin v26.8 - https:\/\/yoast.com\/product\/yoast-seo-wordpress\/ -->\n<title>Preguntas Frecuentes Place to Pay - Intisana Store<\/title>\n<meta name=\"robots\" content=\"index, follow, max-snippet:-1, max-image-preview:large, max-video-preview:-1\" \/>\n<link rel=\"canonical\" href=\"https:\/\/intisana.com\/store\/preguntas-frecuentes-ptp\/\" \/>\n<meta property=\"og:locale\" content=\"es_ES\" \/>\n<meta property=\"og:type\" content=\"article\" \/>\n<meta property=\"og:title\" content=\"Preguntas Frecuentes Place to Pay - Intisana Store\" \/>\n<meta property=\"og:description\" content=\"Preguntas frecuentes sobre pagos electr\u00f3nicos En este documento, usted encontrar\u00e1 una secci\u00f3n de preguntas y respuestas que le ayudar\u00e1 a sus usuarios a aclarar sus dudas sobre los pagos electr\u00f3nicos procesados a trav\u00e9s de Placetopay.\u00a0 Recuerde que debe incluirlas en su sitio web. \u00bfQu\u00e9 es Placetopay? Placetopay es la plataforma de pagos electr\u00f3nicos que usa [&hellip;]\" \/>\n<meta property=\"og:url\" content=\"https:\/\/intisana.com\/store\/preguntas-frecuentes-ptp\/\" \/>\n<meta property=\"og:site_name\" content=\"Intisana Store\" \/>\n<meta property=\"article:modified_time\" content=\"2024-11-27T17:04:36+00:00\" \/>\n<meta name=\"twitter:card\" content=\"summary_large_image\" \/>\n<meta name=\"twitter:label1\" content=\"Tiempo de lectura\" \/>\n\t<meta name=\"twitter:data1\" content=\"4 minutos\" \/>\n<script type=\"application\/ld+json\" class=\"yoast-schema-graph\">{\"@context\":\"https:\/\/schema.org\",\"@graph\":[{\"@type\":\"WebPage\",\"@id\":\"https:\/\/intisana.com\/store\/preguntas-frecuentes-ptp\/\",\"url\":\"https:\/\/intisana.com\/store\/preguntas-frecuentes-ptp\/\",\"name\":\"Preguntas Frecuentes Place to Pay - Intisana Store\",\"isPartOf\":{\"@id\":\"https:\/\/intisana.com\/store\/#website\"},\"datePublished\":\"2024-11-25T15:05:09+00:00\",\"dateModified\":\"2024-11-27T17:04:36+00:00\",\"breadcrumb\":{\"@id\":\"https:\/\/intisana.com\/store\/preguntas-frecuentes-ptp\/#breadcrumb\"},\"inLanguage\":\"es\",\"potentialAction\":[{\"@type\":\"ReadAction\",\"target\":[\"https:\/\/intisana.com\/store\/preguntas-frecuentes-ptp\/\"]}]},{\"@type\":\"BreadcrumbList\",\"@id\":\"https:\/\/intisana.com\/store\/preguntas-frecuentes-ptp\/#breadcrumb\",\"itemListElement\":[{\"@type\":\"ListItem\",\"position\":1,\"name\":\"Portada\",\"item\":\"https:\/\/intisana.com\/store\/\"},{\"@type\":\"ListItem\",\"position\":2,\"name\":\"Preguntas Frecuentes Place to Pay\"}]},{\"@type\":\"WebSite\",\"@id\":\"https:\/\/intisana.com\/store\/#website\",\"url\":\"https:\/\/intisana.com\/store\/\",\"name\":\"Intisana Store\",\"description\":\"\",\"publisher\":{\"@id\":\"https:\/\/intisana.com\/store\/#organization\"},\"potentialAction\":[{\"@type\":\"SearchAction\",\"target\":{\"@type\":\"EntryPoint\",\"urlTemplate\":\"https:\/\/intisana.com\/store\/?s={search_term_string}\"},\"query-input\":{\"@type\":\"PropertyValueSpecification\",\"valueRequired\":true,\"valueName\":\"search_term_string\"}}],\"inLanguage\":\"es\"},{\"@type\":\"Organization\",\"@id\":\"https:\/\/intisana.com\/store\/#organization\",\"name\":\"Intisana Store\",\"url\":\"https:\/\/intisana.com\/store\/\",\"logo\":{\"@type\":\"ImageObject\",\"inLanguage\":\"es\",\"@id\":\"https:\/\/intisana.com\/store\/#\/schema\/logo\/image\/\",\"url\":\"https:\/\/intisana.com\/store\/wp-content\/uploads\/2025\/09\/logo-intisana-shop-300x43-1-e1757964834151.png\",\"contentUrl\":\"https:\/\/intisana.com\/store\/wp-content\/uploads\/2025\/09\/logo-intisana-shop-300x43-1-e1757964834151.png\",\"width\":220,\"height\":32,\"caption\":\"Intisana Store\"},\"image\":{\"@id\":\"https:\/\/intisana.com\/store\/#\/schema\/logo\/image\/\"}}]}<\/script>\n<!-- \/ Yoast SEO plugin. -->","yoast_head_json":{"title":"Preguntas Frecuentes Place to Pay - Intisana Store","robots":{"index":"index","follow":"follow","max-snippet":"max-snippet:-1","max-image-preview":"max-image-preview:large","max-video-preview":"max-video-preview:-1"},"canonical":"https:\/\/intisana.com\/store\/preguntas-frecuentes-ptp\/","og_locale":"es_ES","og_type":"article","og_title":"Preguntas Frecuentes Place to Pay - Intisana Store","og_description":"Preguntas frecuentes sobre pagos electr\u00f3nicos En este documento, usted encontrar\u00e1 una secci\u00f3n de preguntas y respuestas que le ayudar\u00e1 a sus usuarios a aclarar sus dudas sobre los pagos electr\u00f3nicos procesados a trav\u00e9s de Placetopay.\u00a0 Recuerde que debe incluirlas en su sitio web. \u00bfQu\u00e9 es Placetopay? Placetopay es la plataforma de pagos electr\u00f3nicos que usa [&hellip;]","og_url":"https:\/\/intisana.com\/store\/preguntas-frecuentes-ptp\/","og_site_name":"Intisana Store","article_modified_time":"2024-11-27T17:04:36+00:00","twitter_card":"summary_large_image","twitter_misc":{"Tiempo de lectura":"4 minutos"},"schema":{"@context":"https:\/\/schema.org","@graph":[{"@type":"WebPage","@id":"https:\/\/intisana.com\/store\/preguntas-frecuentes-ptp\/","url":"https:\/\/intisana.com\/store\/preguntas-frecuentes-ptp\/","name":"Preguntas Frecuentes Place to Pay - Intisana Store","isPartOf":{"@id":"https:\/\/intisana.com\/store\/#website"},"datePublished":"2024-11-25T15:05:09+00:00","dateModified":"2024-11-27T17:04:36+00:00","breadcrumb":{"@id":"https:\/\/intisana.com\/store\/preguntas-frecuentes-ptp\/#breadcrumb"},"inLanguage":"es","potentialAction":[{"@type":"ReadAction","target":["https:\/\/intisana.com\/store\/preguntas-frecuentes-ptp\/"]}]},{"@type":"BreadcrumbList","@id":"https:\/\/intisana.com\/store\/preguntas-frecuentes-ptp\/#breadcrumb","itemListElement":[{"@type":"ListItem","position":1,"name":"Portada","item":"https:\/\/intisana.com\/store\/"},{"@type":"ListItem","position":2,"name":"Preguntas Frecuentes Place to Pay"}]},{"@type":"WebSite","@id":"https:\/\/intisana.com\/store\/#website","url":"https:\/\/intisana.com\/store\/","name":"Intisana Store","description":"","publisher":{"@id":"https:\/\/intisana.com\/store\/#organization"},"potentialAction":[{"@type":"SearchAction","target":{"@type":"EntryPoint","urlTemplate":"https:\/\/intisana.com\/store\/?s={search_term_string}"},"query-input":{"@type":"PropertyValueSpecification","valueRequired":true,"valueName":"search_term_string"}}],"inLanguage":"es"},{"@type":"Organization","@id":"https:\/\/intisana.com\/store\/#organization","name":"Intisana Store","url":"https:\/\/intisana.com\/store\/","logo":{"@type":"ImageObject","inLanguage":"es","@id":"https:\/\/intisana.com\/store\/#\/schema\/logo\/image\/","url":"https:\/\/intisana.com\/store\/wp-content\/uploads\/2025\/09\/logo-intisana-shop-300x43-1-e1757964834151.png","contentUrl":"https:\/\/intisana.com\/store\/wp-content\/uploads\/2025\/09\/logo-intisana-shop-300x43-1-e1757964834151.png","width":220,"height":32,"caption":"Intisana Store"},"image":{"@id":"https:\/\/intisana.com\/store\/#\/schema\/logo\/image\/"}}]}},"_links":{"self":[{"href":"https:\/\/intisana.com\/store\/wp-json\/wp\/v2\/pages\/1190","targetHints":{"allow":["GET"]}}],"collection":[{"href":"https:\/\/intisana.com\/store\/wp-json\/wp\/v2\/pages"}],"about":[{"href":"https:\/\/intisana.com\/store\/wp-json\/wp\/v2\/types\/page"}],"author":[{"embeddable":true,"href":"https:\/\/intisana.com\/store\/wp-json\/wp\/v2\/users\/1"}],"replies":[{"embeddable":true,"href":"https:\/\/intisana.com\/store\/wp-json\/wp\/v2\/comments?post=1190"}],"version-history":[{"count":10,"href":"https:\/\/intisana.com\/store\/wp-json\/wp\/v2\/pages\/1190\/revisions"}],"predecessor-version":[{"id":1210,"href":"https:\/\/intisana.com\/store\/wp-json\/wp\/v2\/pages\/1190\/revisions\/1210"}],"wp:attachment":[{"href":"https:\/\/intisana.com\/store\/wp-json\/wp\/v2\/media?parent=1190"}],"curies":[{"name":"wp","href":"https:\/\/api.w.org\/{rel}","templated":true}]}}