{"id":12,"date":"2024-10-08T15:57:14","date_gmt":"2024-10-08T20:57:14","guid":{"rendered":"https:\/\/intisana.com\/store\/mi-cuenta\/"},"modified":"2024-11-07T15:00:37","modified_gmt":"2024-11-07T20:00:37","slug":"mi-cuenta","status":"publish","type":"page","link":"https:\/\/intisana.com\/store\/mi-cuenta\/","title":{"rendered":"Mi cuenta"},"content":{"rendered":"\t\t<div data-elementor-type=\"wp-page\" data-elementor-id=\"12\" class=\"elementor elementor-12\" data-elementor-post-type=\"page\">\n\t\t\t\t<div class=\"elementor-element elementor-element-69336660 e-con-full e-flex e-con e-parent\" data-id=\"69336660\" data-element_type=\"container\">\n\t\t\t\t<div class=\"elementor-element elementor-element-0a1a888 elementor-widget elementor-widget-heading\" data-id=\"0a1a888\" data-element_type=\"widget\" data-widget_type=\"heading.default\">\n\t\t\t\t<div class=\"elementor-widget-container\">\n\t\t\t\t\t<h2 class=\"elementor-heading-title elementor-size-default\">Mi cuenta<\/h2>\t\t\t\t<\/div>\n\t\t\t\t<\/div>\n\t\t\t\t<div class=\"elementor-element elementor-element-2c89f2e e-my-account-tabs-vertical elementor-widget elementor-widget-woocommerce-my-account\" data-id=\"2c89f2e\" data-element_type=\"widget\" data-widget_type=\"woocommerce-my-account.default\">\n\t\t\t\t<div class=\"elementor-widget-container\">\n\t\t\t\t\t<div class=\"e-my-account-tab e-my-account-tab__ \">\t\t\t<div class=\"woocommerce\"><\/div>\t\t<\/div>\n\t\t\t\t\t\t<\/div>\n\t\t\t\t<\/div>\n\t\t\t\t<\/div>\n\t\t\t\t<\/div>\n\t\t","protected":false},"excerpt":{"rendered":"<p>Mi cuenta Escritorio Reservas Pedidos Descargas Direcciones Detalles de la cuenta Cerrar sesi\u00f3n Hola admin (\u00bfno eres admin? Cerrar sesi\u00f3n) Desde el escritorio de tu cuenta puedes ver tus pedidos recientes, gestionar tus direcciones de env\u00edo y facturaci\u00f3n y editar tu contrase\u00f1a y los detalles de tu cuenta.<\/p>\n","protected":false},"author":1,"featured_media":0,"parent":0,"menu_order":0,"comment_status":"closed","ping_status":"closed","template":"elementor_header_footer","meta":{"footnotes":""},"class_list":["post-12","page","type-page","status-publish","hentry"],"yoast_head":"<!-- This site is optimized with the Yoast SEO plugin v26.8 - https:\/\/yoast.com\/product\/yoast-seo-wordpress\/ -->\n<title>Mi cuenta - Intisana Store<\/title>\n<meta name=\"robots\" content=\"index, follow, max-snippet:-1, max-image-preview:large, max-video-preview:-1\" \/>\n<link rel=\"canonical\" href=\"https:\/\/intisana.com\/store\/mi-cuenta\/\" \/>\n<meta property=\"og:locale\" content=\"es_ES\" \/>\n<meta property=\"og:type\" content=\"article\" \/>\n<meta property=\"og:title\" content=\"Mi cuenta - Intisana Store\" \/>\n<meta property=\"og:description\" content=\"Mi cuenta Escritorio Reservas Pedidos Descargas Direcciones Detalles de la cuenta Cerrar sesi\u00f3n Hola admin (\u00bfno eres admin? Cerrar sesi\u00f3n) Desde el escritorio de tu cuenta puedes ver tus pedidos recientes, gestionar tus direcciones de env\u00edo y facturaci\u00f3n y editar tu contrase\u00f1a y los detalles de tu cuenta.\" \/>\n<meta property=\"og:url\" content=\"https:\/\/intisana.com\/store\/mi-cuenta\/\" \/>\n<meta property=\"og:site_name\" content=\"Intisana Store\" \/>\n<meta property=\"article:modified_time\" content=\"2024-11-07T20:00:37+00:00\" \/>\n<meta name=\"twitter:card\" content=\"summary_large_image\" \/>\n<script type=\"application\/ld+json\" class=\"yoast-schema-graph\">{\"@context\":\"https:\/\/schema.org\",\"@graph\":[{\"@type\":\"WebPage\",\"@id\":\"https:\/\/intisana.com\/store\/mi-cuenta\/\",\"url\":\"https:\/\/intisana.com\/store\/mi-cuenta\/\",\"name\":\"Mi cuenta - Intisana Store\",\"isPartOf\":{\"@id\":\"https:\/\/intisana.com\/store\/#website\"},\"datePublished\":\"2024-10-08T20:57:14+00:00\",\"dateModified\":\"2024-11-07T20:00:37+00:00\",\"breadcrumb\":{\"@id\":\"https:\/\/intisana.com\/store\/mi-cuenta\/#breadcrumb\"},\"inLanguage\":\"es\",\"potentialAction\":[{\"@type\":\"ReadAction\",\"target\":[\"https:\/\/intisana.com\/store\/mi-cuenta\/\"]}]},{\"@type\":\"BreadcrumbList\",\"@id\":\"https:\/\/intisana.com\/store\/mi-cuenta\/#breadcrumb\",\"itemListElement\":[{\"@type\":\"ListItem\",\"position\":1,\"name\":\"Portada\",\"item\":\"https:\/\/intisana.com\/store\/\"},{\"@type\":\"ListItem\",\"position\":2,\"name\":\"Mi cuenta\"}]},{\"@type\":\"WebSite\",\"@id\":\"https:\/\/intisana.com\/store\/#website\",\"url\":\"https:\/\/intisana.com\/store\/\",\"name\":\"Intisana Store\",\"description\":\"\",\"publisher\":{\"@id\":\"https:\/\/intisana.com\/store\/#organization\"},\"potentialAction\":[{\"@type\":\"SearchAction\",\"target\":{\"@type\":\"EntryPoint\",\"urlTemplate\":\"https:\/\/intisana.com\/store\/?s={search_term_string}\"},\"query-input\":{\"@type\":\"PropertyValueSpecification\",\"valueRequired\":true,\"valueName\":\"search_term_string\"}}],\"inLanguage\":\"es\"},{\"@type\":\"Organization\",\"@id\":\"https:\/\/intisana.com\/store\/#organization\",\"name\":\"Intisana Store\",\"url\":\"https:\/\/intisana.com\/store\/\",\"logo\":{\"@type\":\"ImageObject\",\"inLanguage\":\"es\",\"@id\":\"https:\/\/intisana.com\/store\/#\/schema\/logo\/image\/\",\"url\":\"https:\/\/intisana.com\/store\/wp-content\/uploads\/2025\/09\/logo-intisana-shop-300x43-1-e1757964834151.png\",\"contentUrl\":\"https:\/\/intisana.com\/store\/wp-content\/uploads\/2025\/09\/logo-intisana-shop-300x43-1-e1757964834151.png\",\"width\":220,\"height\":32,\"caption\":\"Intisana Store\"},\"image\":{\"@id\":\"https:\/\/intisana.com\/store\/#\/schema\/logo\/image\/\"}}]}<\/script>\n<!-- \/ Yoast SEO plugin. -->","yoast_head_json":{"title":"Mi cuenta - Intisana Store","robots":{"index":"index","follow":"follow","max-snippet":"max-snippet:-1","max-image-preview":"max-image-preview:large","max-video-preview":"max-video-preview:-1"},"canonical":"https:\/\/intisana.com\/store\/mi-cuenta\/","og_locale":"es_ES","og_type":"article","og_title":"Mi cuenta - Intisana Store","og_description":"Mi cuenta Escritorio Reservas Pedidos Descargas Direcciones Detalles de la cuenta Cerrar sesi\u00f3n Hola admin (\u00bfno eres admin? Cerrar sesi\u00f3n) Desde el escritorio de tu cuenta puedes ver tus pedidos recientes, gestionar tus direcciones de env\u00edo y facturaci\u00f3n y editar tu contrase\u00f1a y los detalles de tu cuenta.","og_url":"https:\/\/intisana.com\/store\/mi-cuenta\/","og_site_name":"Intisana Store","article_modified_time":"2024-11-07T20:00:37+00:00","twitter_card":"summary_large_image","schema":{"@context":"https:\/\/schema.org","@graph":[{"@type":"WebPage","@id":"https:\/\/intisana.com\/store\/mi-cuenta\/","url":"https:\/\/intisana.com\/store\/mi-cuenta\/","name":"Mi cuenta - Intisana Store","isPartOf":{"@id":"https:\/\/intisana.com\/store\/#website"},"datePublished":"2024-10-08T20:57:14+00:00","dateModified":"2024-11-07T20:00:37+00:00","breadcrumb":{"@id":"https:\/\/intisana.com\/store\/mi-cuenta\/#breadcrumb"},"inLanguage":"es","potentialAction":[{"@type":"ReadAction","target":["https:\/\/intisana.com\/store\/mi-cuenta\/"]}]},{"@type":"BreadcrumbList","@id":"https:\/\/intisana.com\/store\/mi-cuenta\/#breadcrumb","itemListElement":[{"@type":"ListItem","position":1,"name":"Portada","item":"https:\/\/intisana.com\/store\/"},{"@type":"ListItem","position":2,"name":"Mi cuenta"}]},{"@type":"WebSite","@id":"https:\/\/intisana.com\/store\/#website","url":"https:\/\/intisana.com\/store\/","name":"Intisana Store","description":"","publisher":{"@id":"https:\/\/intisana.com\/store\/#organization"},"potentialAction":[{"@type":"SearchAction","target":{"@type":"EntryPoint","urlTemplate":"https:\/\/intisana.com\/store\/?s={search_term_string}"},"query-input":{"@type":"PropertyValueSpecification","valueRequired":true,"valueName":"search_term_string"}}],"inLanguage":"es"},{"@type":"Organization","@id":"https:\/\/intisana.com\/store\/#organization","name":"Intisana Store","url":"https:\/\/intisana.com\/store\/","logo":{"@type":"ImageObject","inLanguage":"es","@id":"https:\/\/intisana.com\/store\/#\/schema\/logo\/image\/","url":"https:\/\/intisana.com\/store\/wp-content\/uploads\/2025\/09\/logo-intisana-shop-300x43-1-e1757964834151.png","contentUrl":"https:\/\/intisana.com\/store\/wp-content\/uploads\/2025\/09\/logo-intisana-shop-300x43-1-e1757964834151.png","width":220,"height":32,"caption":"Intisana Store"},"image":{"@id":"https:\/\/intisana.com\/store\/#\/schema\/logo\/image\/"}}]}},"_links":{"self":[{"href":"https:\/\/intisana.com\/store\/wp-json\/wp\/v2\/pages\/12","targetHints":{"allow":["GET"]}}],"collection":[{"href":"https:\/\/intisana.com\/store\/wp-json\/wp\/v2\/pages"}],"about":[{"href":"https:\/\/intisana.com\/store\/wp-json\/wp\/v2\/types\/page"}],"author":[{"embeddable":true,"href":"https:\/\/intisana.com\/store\/wp-json\/wp\/v2\/users\/1"}],"replies":[{"embeddable":true,"href":"https:\/\/intisana.com\/store\/wp-json\/wp\/v2\/comments?post=12"}],"version-history":[{"count":31,"href":"https:\/\/intisana.com\/store\/wp-json\/wp\/v2\/pages\/12\/revisions"}],"predecessor-version":[{"id":862,"href":"https:\/\/intisana.com\/store\/wp-json\/wp\/v2\/pages\/12\/revisions\/862"}],"wp:attachment":[{"href":"https:\/\/intisana.com\/store\/wp-json\/wp\/v2\/media?parent=12"}],"curies":[{"name":"wp","href":"https:\/\/api.w.org\/{rel}","templated":true}]}}