{"id":3,"date":"2024-10-08T09:07:49","date_gmt":"2024-10-08T14:07:49","guid":{"rendered":"https:\/\/intisana.com\/store\/?page_id=3"},"modified":"2024-11-27T12:33:50","modified_gmt":"2024-11-27T17:33:50","slug":"politicas-de-privacidad","status":"publish","type":"page","link":"https:\/\/intisana.com\/store\/politicas-de-privacidad\/","title":{"rendered":"Pol\u00edticas de protecci\u00f3n de datos"},"content":{"rendered":"\t\t<div data-elementor-type=\"wp-page\" data-elementor-id=\"3\" class=\"elementor elementor-3\" data-elementor-post-type=\"page\">\n\t\t\t\t<div class=\"elementor-element elementor-element-5f2297e e-con-full e-flex e-con e-parent\" data-id=\"5f2297e\" data-element_type=\"container\">\n\t\t\t\t<div class=\"elementor-element elementor-element-bd56981 elementor-widget elementor-widget-heading\" data-id=\"bd56981\" data-element_type=\"widget\" data-widget_type=\"heading.default\">\n\t\t\t\t<div class=\"elementor-widget-container\">\n\t\t\t\t\t<h2 class=\"elementor-heading-title elementor-size-default\">Pol\u00edticas de protecci\u00f3n de datos<\/h2>\t\t\t\t<\/div>\n\t\t\t\t<\/div>\n\t\t\t\t<div class=\"elementor-element elementor-element-49d9b55 elementor-widget elementor-widget-text-editor\" data-id=\"49d9b55\" data-element_type=\"widget\" data-widget_type=\"text-editor.default\">\n\t\t\t\t<div class=\"elementor-widget-container\">\n\t\t\t\t\t\t\t\t\t<p><b>Nuestro objetivo es proteger tus datos personales<\/b><\/p><p>Para visitar el Sitio Web no se pedir\u00e1 ning\u00fan dato personal. Para comprar en la tienda online agroaleros.com y acceder a las secciones de compra online se pedir\u00e1 informaci\u00f3n b\u00e1sica personal. Para ello, hemos adoptado todas las pr\u00e1cticas y niveles de seguridad de la informaci\u00f3n conformes a la legislaci\u00f3n vigente en materia de protecci\u00f3n de datos. Adem\u00e1s, hemos instalado todos los medios y medidas razonablemente a nuestro alcance para evitar la p\u00e9rdida, mal uso, alteraci\u00f3n, acceso no autorizado y extracci\u00f3n de estos por terceros. Al utilizar los servicios de Tu tienda online, usted autoriza el env\u00edo de informaci\u00f3n comercial a su correo electr\u00f3nico. Si no desea recibir correos electr\u00f3nicos de nuestras novedades y promociones, debe dirigirse v\u00eda e-mail a nuestro correo de contacto indicando en el asunto \u201csuspender noticias\u201d<\/p><p><b>Protecci\u00f3n de datos<\/b><\/p><p>El titular de los datos acepta y emite su consentimiento unilateral de manera libre y voluntaria para el tratamiento de sus datos personales para que sean: recolectados a trav\u00e9s de nuestros canales electr\u00f3nicos o por cualquier medio, almacenados, procesados, transmitidos y eliminados o para ser objeto de cualquier tratamiento o conjunto de tratamientos a realizar, ya sea por procedimientos t\u00e9cnicos de car\u00e1cter automatizado, parcialmente automatizado o no automatizados por el Comercio o su delegado, con la finalidad de identificar, actualizar sus datos y ofrecerle servicios y\/o productos a trav\u00e9s de los canales digitales o cualquier otro medio.<br \/><br \/>La transmisi\u00f3n y almacenamiento de la informaci\u00f3n recopilada por el Comercio o su delegado, ser\u00e1 realizada en la infraestructura que este administre, dentro o fuera del territorio ecuatoriano. Esta infraestructura puede ser implementada en servidores f\u00edsicos o en la nube de proveedores que cuenten con las debidas certificaciones internacionales para el tratamiento de Seguridad de la Informaci\u00f3n.<\/p><p>Adicionalmente, mediante la presente el titular de los datos declara conocer y aceptar el Aviso de Pol\u00edtica de Privacidad de Placetopay en la cual se indican sus derechos, datos tratados y las actividades comerciales de los aliados, as\u00ed como otros datos de inter\u00e9s respecto a la protecci\u00f3n de datos personales, que se encuentran detallados en el sitio web de Placetopay en la ruta https:\/\/www.placetopay.com\/web\/politicas-de-privacidad\/ , mediante la cual, se podr\u00e1 solicitar la gesti\u00f3n de derechos o consentimientos.<br \/><br \/>El Comercio o su delegado notificar\u00e1 sobre las actualizaciones del Aviso de Pol\u00edtica de Privacidad antes mencionado por medio de los diferentes canales digitales.<\/p><p>\u00a0<\/p><p><b>Seguridad inform\u00e1tica<\/b><\/p><p>www.intisanashop.com ha tratado de adoptar todas las precauciones razonables para garantizar que pueda navegar de forma segura en nuestro Sitio Web. A pesar de eso, no nos hacemos responsables por las consecuencias que pueda tener la no disponibilidad o el mal funcionamiento del Sitio Web debido a fallos en los servidores o programas, virus, ataques inform\u00e1ticos, incompatibilidad con su navegador o sistema operativo o cualquier otro motivo que impida el correcto funcionamiento o visualizaci\u00f3n de este Sitio Web en cualquier circunstancia.<\/p><p><b>Responsabilidad del usuario<\/b><\/p><p>Como usuario de este Sitio Web, usted se compromete a navegar por la p\u00e1gina web y a utilizar su contenido de buena fe. As\u00ed mismo, se compromete a facilitar informaci\u00f3n correcta y exacta en los formularios y apartados que lo requieran para que podamos prestarte los servicios solicitados de la forma m\u00e1s eficiente. En el caso de que facilite informaci\u00f3n de otras personas, por ejemplo, para enviarles un obsequio o una promoci\u00f3n, debe asegurarse de contar con su consentimiento expreso antes de facilitarnos dichos datos para su tratamiento.<\/p><p><b>Cambios en el sitio web y la pol\u00edtica de privacidad y seguridad<\/b><\/p><p>Todos los contenidos del Sitio Web, incluida la Pol\u00edtica de Privacidad y Seguridad, est\u00e1n sujetos a actualizaciones y cambios de forma permanente sin aviso previo. Por lo tanto, te recomendamos consultar peri\u00f3dicamente este apartado para conocer las novedades.<\/p><p>Preguntas acerca de los T\u00e9rminos de Servicio deben ser enviadas a nuestro correo de contacto intisanadirect@intisana.com.<\/p>\t\t\t\t\t\t\t\t<\/div>\n\t\t\t\t<\/div>\n\t\t\t\t<\/div>\n\t\t\t\t<\/div>\n\t\t","protected":false},"excerpt":{"rendered":"<p>Pol\u00edticas de protecci\u00f3n de datos Nuestro objetivo es proteger tus datos personales Para visitar el Sitio Web no se pedir\u00e1 ning\u00fan dato personal. Para comprar en la tienda online agroaleros.com y acceder a las secciones de compra online se pedir\u00e1 informaci\u00f3n b\u00e1sica personal. Para ello, hemos adoptado todas las pr\u00e1cticas y niveles de seguridad de [&hellip;]<\/p>\n","protected":false},"author":1,"featured_media":0,"parent":0,"menu_order":0,"comment_status":"closed","ping_status":"open","template":"elementor_header_footer","meta":{"footnotes":""},"class_list":["post-3","page","type-page","status-publish","hentry"],"yoast_head":"<!-- This site is optimized with the Yoast SEO plugin v26.8 - https:\/\/yoast.com\/product\/yoast-seo-wordpress\/ -->\n<title>Pol\u00edticas de protecci\u00f3n de datos - Intisana Store<\/title>\n<meta name=\"robots\" content=\"index, follow, max-snippet:-1, max-image-preview:large, max-video-preview:-1\" \/>\n<link rel=\"canonical\" href=\"https:\/\/intisana.com\/store\/politicas-de-privacidad\/\" \/>\n<meta property=\"og:locale\" content=\"es_ES\" \/>\n<meta property=\"og:type\" content=\"article\" \/>\n<meta property=\"og:title\" content=\"Pol\u00edticas de protecci\u00f3n de datos - Intisana Store\" \/>\n<meta property=\"og:description\" content=\"Pol\u00edticas de protecci\u00f3n de datos Nuestro objetivo es proteger tus datos personales Para visitar el Sitio Web no se pedir\u00e1 ning\u00fan dato personal. Para comprar en la tienda online agroaleros.com y acceder a las secciones de compra online se pedir\u00e1 informaci\u00f3n b\u00e1sica personal. Para ello, hemos adoptado todas las pr\u00e1cticas y niveles de seguridad de [&hellip;]\" \/>\n<meta property=\"og:url\" content=\"https:\/\/intisana.com\/store\/politicas-de-privacidad\/\" \/>\n<meta property=\"og:site_name\" content=\"Intisana Store\" \/>\n<meta property=\"article:modified_time\" content=\"2024-11-27T17:33:50+00:00\" \/>\n<meta name=\"twitter:card\" content=\"summary_large_image\" \/>\n<meta name=\"twitter:label1\" content=\"Tiempo de lectura\" \/>\n\t<meta name=\"twitter:data1\" content=\"3 minutos\" \/>\n<script type=\"application\/ld+json\" class=\"yoast-schema-graph\">{\"@context\":\"https:\/\/schema.org\",\"@graph\":[{\"@type\":\"WebPage\",\"@id\":\"https:\/\/intisana.com\/store\/politicas-de-privacidad\/\",\"url\":\"https:\/\/intisana.com\/store\/politicas-de-privacidad\/\",\"name\":\"Pol\u00edticas de protecci\u00f3n de datos - Intisana Store\",\"isPartOf\":{\"@id\":\"https:\/\/intisana.com\/store\/#website\"},\"datePublished\":\"2024-10-08T14:07:49+00:00\",\"dateModified\":\"2024-11-27T17:33:50+00:00\",\"breadcrumb\":{\"@id\":\"https:\/\/intisana.com\/store\/politicas-de-privacidad\/#breadcrumb\"},\"inLanguage\":\"es\",\"potentialAction\":[{\"@type\":\"ReadAction\",\"target\":[\"https:\/\/intisana.com\/store\/politicas-de-privacidad\/\"]}]},{\"@type\":\"BreadcrumbList\",\"@id\":\"https:\/\/intisana.com\/store\/politicas-de-privacidad\/#breadcrumb\",\"itemListElement\":[{\"@type\":\"ListItem\",\"position\":1,\"name\":\"Portada\",\"item\":\"https:\/\/intisana.com\/store\/\"},{\"@type\":\"ListItem\",\"position\":2,\"name\":\"Pol\u00edticas de protecci\u00f3n de datos\"}]},{\"@type\":\"WebSite\",\"@id\":\"https:\/\/intisana.com\/store\/#website\",\"url\":\"https:\/\/intisana.com\/store\/\",\"name\":\"Intisana Store\",\"description\":\"\",\"publisher\":{\"@id\":\"https:\/\/intisana.com\/store\/#organization\"},\"potentialAction\":[{\"@type\":\"SearchAction\",\"target\":{\"@type\":\"EntryPoint\",\"urlTemplate\":\"https:\/\/intisana.com\/store\/?s={search_term_string}\"},\"query-input\":{\"@type\":\"PropertyValueSpecification\",\"valueRequired\":true,\"valueName\":\"search_term_string\"}}],\"inLanguage\":\"es\"},{\"@type\":\"Organization\",\"@id\":\"https:\/\/intisana.com\/store\/#organization\",\"name\":\"Intisana Store\",\"url\":\"https:\/\/intisana.com\/store\/\",\"logo\":{\"@type\":\"ImageObject\",\"inLanguage\":\"es\",\"@id\":\"https:\/\/intisana.com\/store\/#\/schema\/logo\/image\/\",\"url\":\"https:\/\/intisana.com\/store\/wp-content\/uploads\/2025\/09\/logo-intisana-shop-300x43-1-e1757964834151.png\",\"contentUrl\":\"https:\/\/intisana.com\/store\/wp-content\/uploads\/2025\/09\/logo-intisana-shop-300x43-1-e1757964834151.png\",\"width\":220,\"height\":32,\"caption\":\"Intisana Store\"},\"image\":{\"@id\":\"https:\/\/intisana.com\/store\/#\/schema\/logo\/image\/\"}}]}<\/script>\n<!-- \/ Yoast SEO plugin. -->","yoast_head_json":{"title":"Pol\u00edticas de protecci\u00f3n de datos - Intisana Store","robots":{"index":"index","follow":"follow","max-snippet":"max-snippet:-1","max-image-preview":"max-image-preview:large","max-video-preview":"max-video-preview:-1"},"canonical":"https:\/\/intisana.com\/store\/politicas-de-privacidad\/","og_locale":"es_ES","og_type":"article","og_title":"Pol\u00edticas de protecci\u00f3n de datos - Intisana Store","og_description":"Pol\u00edticas de protecci\u00f3n de datos Nuestro objetivo es proteger tus datos personales Para visitar el Sitio Web no se pedir\u00e1 ning\u00fan dato personal. Para comprar en la tienda online agroaleros.com y acceder a las secciones de compra online se pedir\u00e1 informaci\u00f3n b\u00e1sica personal. Para ello, hemos adoptado todas las pr\u00e1cticas y niveles de seguridad de [&hellip;]","og_url":"https:\/\/intisana.com\/store\/politicas-de-privacidad\/","og_site_name":"Intisana Store","article_modified_time":"2024-11-27T17:33:50+00:00","twitter_card":"summary_large_image","twitter_misc":{"Tiempo de lectura":"3 minutos"},"schema":{"@context":"https:\/\/schema.org","@graph":[{"@type":"WebPage","@id":"https:\/\/intisana.com\/store\/politicas-de-privacidad\/","url":"https:\/\/intisana.com\/store\/politicas-de-privacidad\/","name":"Pol\u00edticas de protecci\u00f3n de datos - Intisana Store","isPartOf":{"@id":"https:\/\/intisana.com\/store\/#website"},"datePublished":"2024-10-08T14:07:49+00:00","dateModified":"2024-11-27T17:33:50+00:00","breadcrumb":{"@id":"https:\/\/intisana.com\/store\/politicas-de-privacidad\/#breadcrumb"},"inLanguage":"es","potentialAction":[{"@type":"ReadAction","target":["https:\/\/intisana.com\/store\/politicas-de-privacidad\/"]}]},{"@type":"BreadcrumbList","@id":"https:\/\/intisana.com\/store\/politicas-de-privacidad\/#breadcrumb","itemListElement":[{"@type":"ListItem","position":1,"name":"Portada","item":"https:\/\/intisana.com\/store\/"},{"@type":"ListItem","position":2,"name":"Pol\u00edticas de protecci\u00f3n de datos"}]},{"@type":"WebSite","@id":"https:\/\/intisana.com\/store\/#website","url":"https:\/\/intisana.com\/store\/","name":"Intisana Store","description":"","publisher":{"@id":"https:\/\/intisana.com\/store\/#organization"},"potentialAction":[{"@type":"SearchAction","target":{"@type":"EntryPoint","urlTemplate":"https:\/\/intisana.com\/store\/?s={search_term_string}"},"query-input":{"@type":"PropertyValueSpecification","valueRequired":true,"valueName":"search_term_string"}}],"inLanguage":"es"},{"@type":"Organization","@id":"https:\/\/intisana.com\/store\/#organization","name":"Intisana Store","url":"https:\/\/intisana.com\/store\/","logo":{"@type":"ImageObject","inLanguage":"es","@id":"https:\/\/intisana.com\/store\/#\/schema\/logo\/image\/","url":"https:\/\/intisana.com\/store\/wp-content\/uploads\/2025\/09\/logo-intisana-shop-300x43-1-e1757964834151.png","contentUrl":"https:\/\/intisana.com\/store\/wp-content\/uploads\/2025\/09\/logo-intisana-shop-300x43-1-e1757964834151.png","width":220,"height":32,"caption":"Intisana Store"},"image":{"@id":"https:\/\/intisana.com\/store\/#\/schema\/logo\/image\/"}}]}},"_links":{"self":[{"href":"https:\/\/intisana.com\/store\/wp-json\/wp\/v2\/pages\/3","targetHints":{"allow":["GET"]}}],"collection":[{"href":"https:\/\/intisana.com\/store\/wp-json\/wp\/v2\/pages"}],"about":[{"href":"https:\/\/intisana.com\/store\/wp-json\/wp\/v2\/types\/page"}],"author":[{"embeddable":true,"href":"https:\/\/intisana.com\/store\/wp-json\/wp\/v2\/users\/1"}],"replies":[{"embeddable":true,"href":"https:\/\/intisana.com\/store\/wp-json\/wp\/v2\/comments?post=3"}],"version-history":[{"count":20,"href":"https:\/\/intisana.com\/store\/wp-json\/wp\/v2\/pages\/3\/revisions"}],"predecessor-version":[{"id":1219,"href":"https:\/\/intisana.com\/store\/wp-json\/wp\/v2\/pages\/3\/revisions\/1219"}],"wp:attachment":[{"href":"https:\/\/intisana.com\/store\/wp-json\/wp\/v2\/media?parent=3"}],"curies":[{"name":"wp","href":"https:\/\/api.w.org\/{rel}","templated":true}]}}