{"id":1339,"date":"2025-04-04T13:49:42","date_gmt":"2025-04-04T18:49:42","guid":{"rendered":"https:\/\/intisana.com\/store\/?post_type=product&#038;p=1339"},"modified":"2025-04-08T13:51:45","modified_gmt":"2025-04-08T18:51:45","slug":"tomatodo-metalico-intisana-negro","status":"publish","type":"product","link":"https:\/\/intisana.com\/store\/producto\/tomatodo-metalico-intisana-negro\/","title":{"rendered":"Tomatodo Met\u00e1lico Intisana Negro"},"content":{"rendered":"<p>Mantente hidratado con el <strong data-start=\"116\" data-end=\"146\">tomatodo met\u00e1lico Intisana<\/strong>, dise\u00f1ado para acompa\u00f1arte en tus jornadas acad\u00e9micas y deportivas. Su acabado resistente y su <strong data-start=\"242\" data-end=\"282\">grabado l\u00e1ser del logo institucional<\/strong> le dan un toque exclusivo. <strong data-start=\"310\" data-end=\"393\">Ideal para estudiantes, docentes y familias que buscan calidad y funcionalidad.<\/strong><\/p>\n","protected":false},"excerpt":{"rendered":"<p>Mantente hidratado con el tomatodo met\u00e1lico Intisana, dise\u00f1ado para acompa\u00f1arte en tus jornadas acad\u00e9micas y deportivas. Su acabado resistente y su grabado l\u00e1ser del logo institucional le dan un toque exclusivo. Ideal para estudiantes, docentes y familias que buscan calidad y funcionalidad.<\/p>\n","protected":false},"featured_media":1340,"comment_status":"open","ping_status":"closed","template":"","meta":[],"product_brand":[],"product_cat":[16,18],"product_tag":[],"class_list":{"0":"post-1339","1":"product","2":"type-product","3":"status-publish","4":"has-post-thumbnail","6":"product_cat-tienda","7":"product_cat-souvenirs","9":"first","10":"instock","11":"taxable","12":"shipping-taxable","13":"purchasable","14":"product-type-simple"},"yoast_head":"<!-- This site is optimized with the Yoast SEO plugin v26.8 - https:\/\/yoast.com\/product\/yoast-seo-wordpress\/ -->\n<title>Tomatodo Met\u00e1lico Intisana Negro - Intisana Store<\/title>\n<meta name=\"description\" content=\"Tomatodo met\u00e1lico con grabado l\u00e1ser del logo Intisana. Dise\u00f1o elegante y resistente, ideal para el d\u00eda a d\u00eda. \u00a1Cons\u00edguelo ahora!\" \/>\n<meta name=\"robots\" content=\"index, follow, max-snippet:-1, max-image-preview:large, max-video-preview:-1\" \/>\n<link rel=\"canonical\" href=\"https:\/\/intisana.com\/store\/producto\/tomatodo-metalico-intisana-negro\/\" \/>\n<meta property=\"og:locale\" content=\"es_ES\" \/>\n<meta property=\"og:type\" content=\"article\" \/>\n<meta property=\"og:title\" content=\"Tomatodo Met\u00e1lico Intisana Negro - Intisana Store\" \/>\n<meta property=\"og:description\" content=\"Tomatodo met\u00e1lico con grabado l\u00e1ser del logo Intisana. Dise\u00f1o elegante y resistente, ideal para el d\u00eda a d\u00eda. \u00a1Cons\u00edguelo ahora!\" \/>\n<meta property=\"og:url\" content=\"https:\/\/intisana.com\/store\/producto\/tomatodo-metalico-intisana-negro\/\" \/>\n<meta property=\"og:site_name\" content=\"Intisana Store\" \/>\n<meta property=\"article:modified_time\" content=\"2025-04-08T18:51:45+00:00\" \/>\n<meta property=\"og:image\" content=\"https:\/\/intisana.com\/store\/wp-content\/uploads\/2025\/04\/DSC07027_Tomatodo-Disney-Negro-x1.jpg\" \/>\n\t<meta property=\"og:image:width\" content=\"1000\" \/>\n\t<meta property=\"og:image:height\" content=\"1000\" \/>\n\t<meta property=\"og:image:type\" content=\"image\/jpeg\" \/>\n<meta name=\"twitter:card\" content=\"summary_large_image\" \/>\n<meta name=\"twitter:label1\" content=\"Tiempo de lectura\" \/>\n\t<meta name=\"twitter:data1\" content=\"1 minuto\" \/>\n<script type=\"application\/ld+json\" class=\"yoast-schema-graph\">{\"@context\":\"https:\/\/schema.org\",\"@graph\":[{\"@type\":\"WebPage\",\"@id\":\"https:\/\/intisana.com\/store\/producto\/tomatodo-metalico-intisana-negro\/\",\"url\":\"https:\/\/intisana.com\/store\/producto\/tomatodo-metalico-intisana-negro\/\",\"name\":\"Tomatodo Met\u00e1lico Intisana Negro - Intisana Store\",\"isPartOf\":{\"@id\":\"https:\/\/intisana.com\/store\/#website\"},\"primaryImageOfPage\":{\"@id\":\"https:\/\/intisana.com\/store\/producto\/tomatodo-metalico-intisana-negro\/#primaryimage\"},\"image\":{\"@id\":\"https:\/\/intisana.com\/store\/producto\/tomatodo-metalico-intisana-negro\/#primaryimage\"},\"thumbnailUrl\":\"https:\/\/intisana.com\/store\/wp-content\/uploads\/2025\/04\/DSC07027_Tomatodo-Disney-Negro-x1.jpg\",\"datePublished\":\"2025-04-04T18:49:42+00:00\",\"dateModified\":\"2025-04-08T18:51:45+00:00\",\"description\":\"Tomatodo met\u00e1lico con grabado l\u00e1ser del logo Intisana. Dise\u00f1o elegante y resistente, ideal para el d\u00eda a d\u00eda. \u00a1Cons\u00edguelo ahora!\",\"breadcrumb\":{\"@id\":\"https:\/\/intisana.com\/store\/producto\/tomatodo-metalico-intisana-negro\/#breadcrumb\"},\"inLanguage\":\"es\",\"potentialAction\":[{\"@type\":\"ReadAction\",\"target\":[\"https:\/\/intisana.com\/store\/producto\/tomatodo-metalico-intisana-negro\/\"]}]},{\"@type\":\"ImageObject\",\"inLanguage\":\"es\",\"@id\":\"https:\/\/intisana.com\/store\/producto\/tomatodo-metalico-intisana-negro\/#primaryimage\",\"url\":\"https:\/\/intisana.com\/store\/wp-content\/uploads\/2025\/04\/DSC07027_Tomatodo-Disney-Negro-x1.jpg\",\"contentUrl\":\"https:\/\/intisana.com\/store\/wp-content\/uploads\/2025\/04\/DSC07027_Tomatodo-Disney-Negro-x1.jpg\",\"width\":1000,\"height\":1000},{\"@type\":\"BreadcrumbList\",\"@id\":\"https:\/\/intisana.com\/store\/producto\/tomatodo-metalico-intisana-negro\/#breadcrumb\",\"itemListElement\":[{\"@type\":\"ListItem\",\"position\":1,\"name\":\"Portada\",\"item\":\"https:\/\/intisana.com\/store\/\"},{\"@type\":\"ListItem\",\"position\":2,\"name\":\"Tienda\",\"item\":\"https:\/\/intisana.com\/store\/tienda\/\"},{\"@type\":\"ListItem\",\"position\":3,\"name\":\"Tomatodo Met\u00e1lico Intisana Negro\"}]},{\"@type\":\"WebSite\",\"@id\":\"https:\/\/intisana.com\/store\/#website\",\"url\":\"https:\/\/intisana.com\/store\/\",\"name\":\"Intisana Store\",\"description\":\"\",\"publisher\":{\"@id\":\"https:\/\/intisana.com\/store\/#organization\"},\"potentialAction\":[{\"@type\":\"SearchAction\",\"target\":{\"@type\":\"EntryPoint\",\"urlTemplate\":\"https:\/\/intisana.com\/store\/?s={search_term_string}\"},\"query-input\":{\"@type\":\"PropertyValueSpecification\",\"valueRequired\":true,\"valueName\":\"search_term_string\"}}],\"inLanguage\":\"es\"},{\"@type\":\"Organization\",\"@id\":\"https:\/\/intisana.com\/store\/#organization\",\"name\":\"Intisana Store\",\"url\":\"https:\/\/intisana.com\/store\/\",\"logo\":{\"@type\":\"ImageObject\",\"inLanguage\":\"es\",\"@id\":\"https:\/\/intisana.com\/store\/#\/schema\/logo\/image\/\",\"url\":\"https:\/\/intisana.com\/store\/wp-content\/uploads\/2025\/09\/logo-intisana-shop-300x43-1-e1757964834151.png\",\"contentUrl\":\"https:\/\/intisana.com\/store\/wp-content\/uploads\/2025\/09\/logo-intisana-shop-300x43-1-e1757964834151.png\",\"width\":220,\"height\":32,\"caption\":\"Intisana Store\"},\"image\":{\"@id\":\"https:\/\/intisana.com\/store\/#\/schema\/logo\/image\/\"}}]}<\/script>\n<!-- \/ Yoast SEO plugin. -->","yoast_head_json":{"title":"Tomatodo Met\u00e1lico Intisana Negro - Intisana Store","description":"Tomatodo met\u00e1lico con grabado l\u00e1ser del logo Intisana. Dise\u00f1o elegante y resistente, ideal para el d\u00eda a d\u00eda. \u00a1Cons\u00edguelo ahora!","robots":{"index":"index","follow":"follow","max-snippet":"max-snippet:-1","max-image-preview":"max-image-preview:large","max-video-preview":"max-video-preview:-1"},"canonical":"https:\/\/intisana.com\/store\/producto\/tomatodo-metalico-intisana-negro\/","og_locale":"es_ES","og_type":"article","og_title":"Tomatodo Met\u00e1lico Intisana Negro - Intisana Store","og_description":"Tomatodo met\u00e1lico con grabado l\u00e1ser del logo Intisana. Dise\u00f1o elegante y resistente, ideal para el d\u00eda a d\u00eda. \u00a1Cons\u00edguelo ahora!","og_url":"https:\/\/intisana.com\/store\/producto\/tomatodo-metalico-intisana-negro\/","og_site_name":"Intisana Store","article_modified_time":"2025-04-08T18:51:45+00:00","og_image":[{"width":1000,"height":1000,"url":"https:\/\/intisana.com\/store\/wp-content\/uploads\/2025\/04\/DSC07027_Tomatodo-Disney-Negro-x1.jpg","type":"image\/jpeg"}],"twitter_card":"summary_large_image","twitter_misc":{"Tiempo de lectura":"1 minuto"},"schema":{"@context":"https:\/\/schema.org","@graph":[{"@type":"WebPage","@id":"https:\/\/intisana.com\/store\/producto\/tomatodo-metalico-intisana-negro\/","url":"https:\/\/intisana.com\/store\/producto\/tomatodo-metalico-intisana-negro\/","name":"Tomatodo Met\u00e1lico Intisana Negro - Intisana Store","isPartOf":{"@id":"https:\/\/intisana.com\/store\/#website"},"primaryImageOfPage":{"@id":"https:\/\/intisana.com\/store\/producto\/tomatodo-metalico-intisana-negro\/#primaryimage"},"image":{"@id":"https:\/\/intisana.com\/store\/producto\/tomatodo-metalico-intisana-negro\/#primaryimage"},"thumbnailUrl":"https:\/\/intisana.com\/store\/wp-content\/uploads\/2025\/04\/DSC07027_Tomatodo-Disney-Negro-x1.jpg","datePublished":"2025-04-04T18:49:42+00:00","dateModified":"2025-04-08T18:51:45+00:00","description":"Tomatodo met\u00e1lico con grabado l\u00e1ser del logo Intisana. Dise\u00f1o elegante y resistente, ideal para el d\u00eda a d\u00eda. \u00a1Cons\u00edguelo ahora!","breadcrumb":{"@id":"https:\/\/intisana.com\/store\/producto\/tomatodo-metalico-intisana-negro\/#breadcrumb"},"inLanguage":"es","potentialAction":[{"@type":"ReadAction","target":["https:\/\/intisana.com\/store\/producto\/tomatodo-metalico-intisana-negro\/"]}]},{"@type":"ImageObject","inLanguage":"es","@id":"https:\/\/intisana.com\/store\/producto\/tomatodo-metalico-intisana-negro\/#primaryimage","url":"https:\/\/intisana.com\/store\/wp-content\/uploads\/2025\/04\/DSC07027_Tomatodo-Disney-Negro-x1.jpg","contentUrl":"https:\/\/intisana.com\/store\/wp-content\/uploads\/2025\/04\/DSC07027_Tomatodo-Disney-Negro-x1.jpg","width":1000,"height":1000},{"@type":"BreadcrumbList","@id":"https:\/\/intisana.com\/store\/producto\/tomatodo-metalico-intisana-negro\/#breadcrumb","itemListElement":[{"@type":"ListItem","position":1,"name":"Portada","item":"https:\/\/intisana.com\/store\/"},{"@type":"ListItem","position":2,"name":"Tienda","item":"https:\/\/intisana.com\/store\/tienda\/"},{"@type":"ListItem","position":3,"name":"Tomatodo Met\u00e1lico Intisana Negro"}]},{"@type":"WebSite","@id":"https:\/\/intisana.com\/store\/#website","url":"https:\/\/intisana.com\/store\/","name":"Intisana Store","description":"","publisher":{"@id":"https:\/\/intisana.com\/store\/#organization"},"potentialAction":[{"@type":"SearchAction","target":{"@type":"EntryPoint","urlTemplate":"https:\/\/intisana.com\/store\/?s={search_term_string}"},"query-input":{"@type":"PropertyValueSpecification","valueRequired":true,"valueName":"search_term_string"}}],"inLanguage":"es"},{"@type":"Organization","@id":"https:\/\/intisana.com\/store\/#organization","name":"Intisana Store","url":"https:\/\/intisana.com\/store\/","logo":{"@type":"ImageObject","inLanguage":"es","@id":"https:\/\/intisana.com\/store\/#\/schema\/logo\/image\/","url":"https:\/\/intisana.com\/store\/wp-content\/uploads\/2025\/09\/logo-intisana-shop-300x43-1-e1757964834151.png","contentUrl":"https:\/\/intisana.com\/store\/wp-content\/uploads\/2025\/09\/logo-intisana-shop-300x43-1-e1757964834151.png","width":220,"height":32,"caption":"Intisana Store"},"image":{"@id":"https:\/\/intisana.com\/store\/#\/schema\/logo\/image\/"}}]}},"_links":{"self":[{"href":"https:\/\/intisana.com\/store\/wp-json\/wp\/v2\/product\/1339","targetHints":{"allow":["GET"]}}],"collection":[{"href":"https:\/\/intisana.com\/store\/wp-json\/wp\/v2\/product"}],"about":[{"href":"https:\/\/intisana.com\/store\/wp-json\/wp\/v2\/types\/product"}],"replies":[{"embeddable":true,"href":"https:\/\/intisana.com\/store\/wp-json\/wp\/v2\/comments?post=1339"}],"wp:featuredmedia":[{"embeddable":true,"href":"https:\/\/intisana.com\/store\/wp-json\/wp\/v2\/media\/1340"}],"wp:attachment":[{"href":"https:\/\/intisana.com\/store\/wp-json\/wp\/v2\/media?parent=1339"}],"wp:term":[{"taxonomy":"product_brand","embeddable":true,"href":"https:\/\/intisana.com\/store\/wp-json\/wp\/v2\/product_brand?post=1339"},{"taxonomy":"product_cat","embeddable":true,"href":"https:\/\/intisana.com\/store\/wp-json\/wp\/v2\/product_cat?post=1339"},{"taxonomy":"product_tag","embeddable":true,"href":"https:\/\/intisana.com\/store\/wp-json\/wp\/v2\/product_tag?post=1339"}],"curies":[{"name":"wp","href":"https:\/\/api.w.org\/{rel}","templated":true}]}}