{"id":1409,"date":"2025-04-07T12:20:02","date_gmt":"2025-04-07T17:20:02","guid":{"rendered":"https:\/\/intisana.com\/store\/?post_type=product&#038;p=1409"},"modified":"2025-09-09T16:30:37","modified_gmt":"2025-09-09T21:30:37","slug":"cristal-redondo-intisana","status":"publish","type":"product","link":"https:\/\/intisana.com\/store\/producto\/cristal-redondo-intisana\/","title":{"rendered":"Cristal Redondo Intisana"},"content":{"rendered":"<p class=\"\" data-start=\"68\" data-end=\"376\">El <strong data-start=\"97\" data-end=\"125\">cristal redondo Intisana<\/strong> con grabado l\u00e1ser es una pieza elegante y vers\u00e1til que puedes usar como reconocimiento, decoraci\u00f3n o recuerdo institucional. Su dise\u00f1o refinado y el <strong data-start=\"275\" data-end=\"317\">logo de Intisana grabado con precisi\u00f3n<\/strong> lo convierten en un s\u00edmbolo de pertenencia y excelencia.<\/p>\n<p class=\"\" data-start=\"378\" data-end=\"443\">\n","protected":false},"excerpt":{"rendered":"<p>El cristal redondo Intisana con grabado l\u00e1ser es una pieza elegante y vers\u00e1til que puedes usar como reconocimiento, decoraci\u00f3n o recuerdo institucional. Su dise\u00f1o refinado y el logo de Intisana grabado con precisi\u00f3n lo convierten en un s\u00edmbolo de pertenencia y excelencia.<\/p>\n","protected":false},"featured_media":1389,"comment_status":"open","ping_status":"closed","template":"","meta":[],"product_brand":[],"product_cat":[16,18],"product_tag":[],"class_list":{"0":"post-1409","1":"product","2":"type-product","3":"status-publish","4":"has-post-thumbnail","6":"product_cat-tienda","7":"product_cat-souvenirs","9":"first","10":"instock","11":"taxable","12":"shipping-taxable","13":"purchasable","14":"product-type-simple"},"yoast_head":"<!-- This site is optimized with the Yoast SEO plugin v26.8 - https:\/\/yoast.com\/product\/yoast-seo-wordpress\/ -->\n<title>Cristal Redondo Intisana - Intisana Store<\/title>\n<meta name=\"description\" content=\"Cristal redondo con grabado l\u00e1ser del logo Intisana. Ideal como recuerdo institucional o pieza decorativa. \u00a1Elegancia que inspira!\" \/>\n<meta name=\"robots\" content=\"index, follow, max-snippet:-1, max-image-preview:large, max-video-preview:-1\" \/>\n<link rel=\"canonical\" href=\"https:\/\/intisana.com\/store\/producto\/cristal-redondo-intisana\/\" \/>\n<meta property=\"og:locale\" content=\"es_ES\" \/>\n<meta property=\"og:type\" content=\"article\" \/>\n<meta property=\"og:title\" content=\"Cristal Redondo Intisana - Intisana Store\" \/>\n<meta property=\"og:description\" content=\"Cristal redondo con grabado l\u00e1ser del logo Intisana. Ideal como recuerdo institucional o pieza decorativa. \u00a1Elegancia que inspira!\" \/>\n<meta property=\"og:url\" content=\"https:\/\/intisana.com\/store\/producto\/cristal-redondo-intisana\/\" \/>\n<meta property=\"og:site_name\" content=\"Intisana Store\" \/>\n<meta property=\"article:modified_time\" content=\"2025-09-09T21:30:37+00:00\" \/>\n<meta property=\"og:image\" content=\"https:\/\/intisana.com\/store\/wp-content\/uploads\/2025\/04\/DSC07071-cristal-redondo-copia.jpg\" \/>\n\t<meta property=\"og:image:width\" content=\"1000\" \/>\n\t<meta property=\"og:image:height\" content=\"1000\" \/>\n\t<meta property=\"og:image:type\" content=\"image\/jpeg\" \/>\n<meta name=\"twitter:card\" content=\"summary_large_image\" \/>\n<meta name=\"twitter:label1\" content=\"Tiempo de lectura\" \/>\n\t<meta name=\"twitter:data1\" content=\"1 minuto\" \/>\n<script type=\"application\/ld+json\" class=\"yoast-schema-graph\">{\"@context\":\"https:\/\/schema.org\",\"@graph\":[{\"@type\":\"WebPage\",\"@id\":\"https:\/\/intisana.com\/store\/producto\/cristal-redondo-intisana\/\",\"url\":\"https:\/\/intisana.com\/store\/producto\/cristal-redondo-intisana\/\",\"name\":\"Cristal Redondo Intisana - Intisana Store\",\"isPartOf\":{\"@id\":\"https:\/\/intisana.com\/store\/#website\"},\"primaryImageOfPage\":{\"@id\":\"https:\/\/intisana.com\/store\/producto\/cristal-redondo-intisana\/#primaryimage\"},\"image\":{\"@id\":\"https:\/\/intisana.com\/store\/producto\/cristal-redondo-intisana\/#primaryimage\"},\"thumbnailUrl\":\"https:\/\/intisana.com\/store\/wp-content\/uploads\/2025\/04\/DSC07071-cristal-redondo-copia.jpg\",\"datePublished\":\"2025-04-07T17:20:02+00:00\",\"dateModified\":\"2025-09-09T21:30:37+00:00\",\"description\":\"Cristal redondo con grabado l\u00e1ser del logo Intisana. Ideal como recuerdo institucional o pieza decorativa. \u00a1Elegancia que inspira!\",\"breadcrumb\":{\"@id\":\"https:\/\/intisana.com\/store\/producto\/cristal-redondo-intisana\/#breadcrumb\"},\"inLanguage\":\"es\",\"potentialAction\":[{\"@type\":\"ReadAction\",\"target\":[\"https:\/\/intisana.com\/store\/producto\/cristal-redondo-intisana\/\"]}]},{\"@type\":\"ImageObject\",\"inLanguage\":\"es\",\"@id\":\"https:\/\/intisana.com\/store\/producto\/cristal-redondo-intisana\/#primaryimage\",\"url\":\"https:\/\/intisana.com\/store\/wp-content\/uploads\/2025\/04\/DSC07071-cristal-redondo-copia.jpg\",\"contentUrl\":\"https:\/\/intisana.com\/store\/wp-content\/uploads\/2025\/04\/DSC07071-cristal-redondo-copia.jpg\",\"width\":1000,\"height\":1000},{\"@type\":\"BreadcrumbList\",\"@id\":\"https:\/\/intisana.com\/store\/producto\/cristal-redondo-intisana\/#breadcrumb\",\"itemListElement\":[{\"@type\":\"ListItem\",\"position\":1,\"name\":\"Portada\",\"item\":\"https:\/\/intisana.com\/store\/\"},{\"@type\":\"ListItem\",\"position\":2,\"name\":\"Tienda\",\"item\":\"https:\/\/intisana.com\/store\/tienda\/\"},{\"@type\":\"ListItem\",\"position\":3,\"name\":\"Cristal Redondo Intisana\"}]},{\"@type\":\"WebSite\",\"@id\":\"https:\/\/intisana.com\/store\/#website\",\"url\":\"https:\/\/intisana.com\/store\/\",\"name\":\"Intisana Store\",\"description\":\"\",\"publisher\":{\"@id\":\"https:\/\/intisana.com\/store\/#organization\"},\"potentialAction\":[{\"@type\":\"SearchAction\",\"target\":{\"@type\":\"EntryPoint\",\"urlTemplate\":\"https:\/\/intisana.com\/store\/?s={search_term_string}\"},\"query-input\":{\"@type\":\"PropertyValueSpecification\",\"valueRequired\":true,\"valueName\":\"search_term_string\"}}],\"inLanguage\":\"es\"},{\"@type\":\"Organization\",\"@id\":\"https:\/\/intisana.com\/store\/#organization\",\"name\":\"Intisana Store\",\"url\":\"https:\/\/intisana.com\/store\/\",\"logo\":{\"@type\":\"ImageObject\",\"inLanguage\":\"es\",\"@id\":\"https:\/\/intisana.com\/store\/#\/schema\/logo\/image\/\",\"url\":\"https:\/\/intisana.com\/store\/wp-content\/uploads\/2025\/09\/logo-intisana-shop-300x43-1-e1757964834151.png\",\"contentUrl\":\"https:\/\/intisana.com\/store\/wp-content\/uploads\/2025\/09\/logo-intisana-shop-300x43-1-e1757964834151.png\",\"width\":220,\"height\":32,\"caption\":\"Intisana Store\"},\"image\":{\"@id\":\"https:\/\/intisana.com\/store\/#\/schema\/logo\/image\/\"}}]}<\/script>\n<!-- \/ Yoast SEO plugin. -->","yoast_head_json":{"title":"Cristal Redondo Intisana - Intisana Store","description":"Cristal redondo con grabado l\u00e1ser del logo Intisana. Ideal como recuerdo institucional o pieza decorativa. \u00a1Elegancia que inspira!","robots":{"index":"index","follow":"follow","max-snippet":"max-snippet:-1","max-image-preview":"max-image-preview:large","max-video-preview":"max-video-preview:-1"},"canonical":"https:\/\/intisana.com\/store\/producto\/cristal-redondo-intisana\/","og_locale":"es_ES","og_type":"article","og_title":"Cristal Redondo Intisana - Intisana Store","og_description":"Cristal redondo con grabado l\u00e1ser del logo Intisana. Ideal como recuerdo institucional o pieza decorativa. \u00a1Elegancia que inspira!","og_url":"https:\/\/intisana.com\/store\/producto\/cristal-redondo-intisana\/","og_site_name":"Intisana Store","article_modified_time":"2025-09-09T21:30:37+00:00","og_image":[{"width":1000,"height":1000,"url":"https:\/\/intisana.com\/store\/wp-content\/uploads\/2025\/04\/DSC07071-cristal-redondo-copia.jpg","type":"image\/jpeg"}],"twitter_card":"summary_large_image","twitter_misc":{"Tiempo de lectura":"1 minuto"},"schema":{"@context":"https:\/\/schema.org","@graph":[{"@type":"WebPage","@id":"https:\/\/intisana.com\/store\/producto\/cristal-redondo-intisana\/","url":"https:\/\/intisana.com\/store\/producto\/cristal-redondo-intisana\/","name":"Cristal Redondo Intisana - Intisana Store","isPartOf":{"@id":"https:\/\/intisana.com\/store\/#website"},"primaryImageOfPage":{"@id":"https:\/\/intisana.com\/store\/producto\/cristal-redondo-intisana\/#primaryimage"},"image":{"@id":"https:\/\/intisana.com\/store\/producto\/cristal-redondo-intisana\/#primaryimage"},"thumbnailUrl":"https:\/\/intisana.com\/store\/wp-content\/uploads\/2025\/04\/DSC07071-cristal-redondo-copia.jpg","datePublished":"2025-04-07T17:20:02+00:00","dateModified":"2025-09-09T21:30:37+00:00","description":"Cristal redondo con grabado l\u00e1ser del logo Intisana. Ideal como recuerdo institucional o pieza decorativa. \u00a1Elegancia que inspira!","breadcrumb":{"@id":"https:\/\/intisana.com\/store\/producto\/cristal-redondo-intisana\/#breadcrumb"},"inLanguage":"es","potentialAction":[{"@type":"ReadAction","target":["https:\/\/intisana.com\/store\/producto\/cristal-redondo-intisana\/"]}]},{"@type":"ImageObject","inLanguage":"es","@id":"https:\/\/intisana.com\/store\/producto\/cristal-redondo-intisana\/#primaryimage","url":"https:\/\/intisana.com\/store\/wp-content\/uploads\/2025\/04\/DSC07071-cristal-redondo-copia.jpg","contentUrl":"https:\/\/intisana.com\/store\/wp-content\/uploads\/2025\/04\/DSC07071-cristal-redondo-copia.jpg","width":1000,"height":1000},{"@type":"BreadcrumbList","@id":"https:\/\/intisana.com\/store\/producto\/cristal-redondo-intisana\/#breadcrumb","itemListElement":[{"@type":"ListItem","position":1,"name":"Portada","item":"https:\/\/intisana.com\/store\/"},{"@type":"ListItem","position":2,"name":"Tienda","item":"https:\/\/intisana.com\/store\/tienda\/"},{"@type":"ListItem","position":3,"name":"Cristal Redondo Intisana"}]},{"@type":"WebSite","@id":"https:\/\/intisana.com\/store\/#website","url":"https:\/\/intisana.com\/store\/","name":"Intisana Store","description":"","publisher":{"@id":"https:\/\/intisana.com\/store\/#organization"},"potentialAction":[{"@type":"SearchAction","target":{"@type":"EntryPoint","urlTemplate":"https:\/\/intisana.com\/store\/?s={search_term_string}"},"query-input":{"@type":"PropertyValueSpecification","valueRequired":true,"valueName":"search_term_string"}}],"inLanguage":"es"},{"@type":"Organization","@id":"https:\/\/intisana.com\/store\/#organization","name":"Intisana Store","url":"https:\/\/intisana.com\/store\/","logo":{"@type":"ImageObject","inLanguage":"es","@id":"https:\/\/intisana.com\/store\/#\/schema\/logo\/image\/","url":"https:\/\/intisana.com\/store\/wp-content\/uploads\/2025\/09\/logo-intisana-shop-300x43-1-e1757964834151.png","contentUrl":"https:\/\/intisana.com\/store\/wp-content\/uploads\/2025\/09\/logo-intisana-shop-300x43-1-e1757964834151.png","width":220,"height":32,"caption":"Intisana Store"},"image":{"@id":"https:\/\/intisana.com\/store\/#\/schema\/logo\/image\/"}}]}},"_links":{"self":[{"href":"https:\/\/intisana.com\/store\/wp-json\/wp\/v2\/product\/1409","targetHints":{"allow":["GET"]}}],"collection":[{"href":"https:\/\/intisana.com\/store\/wp-json\/wp\/v2\/product"}],"about":[{"href":"https:\/\/intisana.com\/store\/wp-json\/wp\/v2\/types\/product"}],"replies":[{"embeddable":true,"href":"https:\/\/intisana.com\/store\/wp-json\/wp\/v2\/comments?post=1409"}],"wp:featuredmedia":[{"embeddable":true,"href":"https:\/\/intisana.com\/store\/wp-json\/wp\/v2\/media\/1389"}],"wp:attachment":[{"href":"https:\/\/intisana.com\/store\/wp-json\/wp\/v2\/media?parent=1409"}],"wp:term":[{"taxonomy":"product_brand","embeddable":true,"href":"https:\/\/intisana.com\/store\/wp-json\/wp\/v2\/product_brand?post=1409"},{"taxonomy":"product_cat","embeddable":true,"href":"https:\/\/intisana.com\/store\/wp-json\/wp\/v2\/product_cat?post=1409"},{"taxonomy":"product_tag","embeddable":true,"href":"https:\/\/intisana.com\/store\/wp-json\/wp\/v2\/product_tag?post=1409"}],"curies":[{"name":"wp","href":"https:\/\/api.w.org\/{rel}","templated":true}]}}