{"id":1421,"date":"2025-04-08T08:11:10","date_gmt":"2025-04-08T13:11:10","guid":{"rendered":"https:\/\/intisana.com\/store\/?post_type=product&#038;p=1421"},"modified":"2025-04-08T10:54:06","modified_gmt":"2025-04-08T15:54:06","slug":"set-de-madera-intisana","status":"publish","type":"product","link":"https:\/\/intisana.com\/store\/producto\/set-de-madera-intisana\/","title":{"rendered":"Set de Madera Intisana"},"content":{"rendered":"<p>Fomenta el aprendizaje activo y la concentraci\u00f3n con el <strong data-start=\"161\" data-end=\"187\">set de madera Intisana<\/strong>, un <strong data-start=\"192\" data-end=\"211\">juego did\u00e1ctico<\/strong> perfecto para todas las edades. Elaborado con materiales resistentes y naturales, y personalizado con <strong data-start=\"314\" data-end=\"354\">grabado l\u00e1ser del logo institucional<\/strong>, es ideal para el aula, el hogar o como regalo con prop\u00f3sito pedag\u00f3gico<\/p>\n","protected":false},"excerpt":{"rendered":"<p>Fomenta el aprendizaje activo y la concentraci\u00f3n con el set de madera Intisana, un juego did\u00e1ctico perfecto para todas las edades. Elaborado con materiales resistentes y naturales, y personalizado con grabado l\u00e1ser del logo institucional, es ideal para el aula, el hogar o como regalo con prop\u00f3sito pedag\u00f3gico<\/p>\n","protected":false},"featured_media":1440,"comment_status":"open","ping_status":"closed","template":"","meta":[],"product_brand":[],"product_cat":[16,18],"product_tag":[],"class_list":{"0":"post-1421","1":"product","2":"type-product","3":"status-publish","4":"has-post-thumbnail","6":"product_cat-tienda","7":"product_cat-souvenirs","9":"first","10":"instock","11":"taxable","12":"shipping-taxable","13":"purchasable","14":"product-type-simple"},"yoast_head":"<!-- This site is optimized with the Yoast SEO plugin v26.8 - https:\/\/yoast.com\/product\/yoast-seo-wordpress\/ -->\n<title>Set de Madera Intisana - Intisana Store<\/title>\n<meta name=\"description\" content=\"Set de madera con juego did\u00e1ctico y grabado l\u00e1ser del logo Intisana. Educativo, divertido y perfecto para estimular la mente.\" \/>\n<meta name=\"robots\" content=\"index, follow, max-snippet:-1, max-image-preview:large, max-video-preview:-1\" \/>\n<link rel=\"canonical\" href=\"https:\/\/intisana.com\/store\/producto\/set-de-madera-intisana\/\" \/>\n<meta property=\"og:locale\" content=\"es_ES\" \/>\n<meta property=\"og:type\" content=\"article\" \/>\n<meta property=\"og:title\" content=\"Set de Madera Intisana - Intisana Store\" \/>\n<meta property=\"og:description\" content=\"Set de madera con juego did\u00e1ctico y grabado l\u00e1ser del logo Intisana. Educativo, divertido y perfecto para estimular la mente.\" \/>\n<meta property=\"og:url\" content=\"https:\/\/intisana.com\/store\/producto\/set-de-madera-intisana\/\" \/>\n<meta property=\"og:site_name\" content=\"Intisana Store\" \/>\n<meta property=\"article:modified_time\" content=\"2025-04-08T15:54:06+00:00\" \/>\n<meta property=\"og:image\" content=\"https:\/\/intisana.com\/store\/wp-content\/uploads\/2025\/04\/DSC07753-madera.jpg\" \/>\n\t<meta property=\"og:image:width\" content=\"1000\" \/>\n\t<meta property=\"og:image:height\" content=\"1000\" \/>\n\t<meta property=\"og:image:type\" content=\"image\/jpeg\" \/>\n<meta name=\"twitter:card\" content=\"summary_large_image\" \/>\n<meta name=\"twitter:label1\" content=\"Tiempo de lectura\" \/>\n\t<meta name=\"twitter:data1\" content=\"1 minuto\" \/>\n<script type=\"application\/ld+json\" class=\"yoast-schema-graph\">{\"@context\":\"https:\/\/schema.org\",\"@graph\":[{\"@type\":\"WebPage\",\"@id\":\"https:\/\/intisana.com\/store\/producto\/set-de-madera-intisana\/\",\"url\":\"https:\/\/intisana.com\/store\/producto\/set-de-madera-intisana\/\",\"name\":\"Set de Madera Intisana - Intisana Store\",\"isPartOf\":{\"@id\":\"https:\/\/intisana.com\/store\/#website\"},\"primaryImageOfPage\":{\"@id\":\"https:\/\/intisana.com\/store\/producto\/set-de-madera-intisana\/#primaryimage\"},\"image\":{\"@id\":\"https:\/\/intisana.com\/store\/producto\/set-de-madera-intisana\/#primaryimage\"},\"thumbnailUrl\":\"https:\/\/intisana.com\/store\/wp-content\/uploads\/2025\/04\/DSC07753-madera.jpg\",\"datePublished\":\"2025-04-08T13:11:10+00:00\",\"dateModified\":\"2025-04-08T15:54:06+00:00\",\"description\":\"Set de madera con juego did\u00e1ctico y grabado l\u00e1ser del logo Intisana. Educativo, divertido y perfecto para estimular la mente.\",\"breadcrumb\":{\"@id\":\"https:\/\/intisana.com\/store\/producto\/set-de-madera-intisana\/#breadcrumb\"},\"inLanguage\":\"es\",\"potentialAction\":[{\"@type\":\"ReadAction\",\"target\":[\"https:\/\/intisana.com\/store\/producto\/set-de-madera-intisana\/\"]}]},{\"@type\":\"ImageObject\",\"inLanguage\":\"es\",\"@id\":\"https:\/\/intisana.com\/store\/producto\/set-de-madera-intisana\/#primaryimage\",\"url\":\"https:\/\/intisana.com\/store\/wp-content\/uploads\/2025\/04\/DSC07753-madera.jpg\",\"contentUrl\":\"https:\/\/intisana.com\/store\/wp-content\/uploads\/2025\/04\/DSC07753-madera.jpg\",\"width\":1000,\"height\":1000},{\"@type\":\"BreadcrumbList\",\"@id\":\"https:\/\/intisana.com\/store\/producto\/set-de-madera-intisana\/#breadcrumb\",\"itemListElement\":[{\"@type\":\"ListItem\",\"position\":1,\"name\":\"Portada\",\"item\":\"https:\/\/intisana.com\/store\/\"},{\"@type\":\"ListItem\",\"position\":2,\"name\":\"Tienda\",\"item\":\"https:\/\/intisana.com\/store\/tienda\/\"},{\"@type\":\"ListItem\",\"position\":3,\"name\":\"Set de Madera Intisana\"}]},{\"@type\":\"WebSite\",\"@id\":\"https:\/\/intisana.com\/store\/#website\",\"url\":\"https:\/\/intisana.com\/store\/\",\"name\":\"Intisana Store\",\"description\":\"\",\"publisher\":{\"@id\":\"https:\/\/intisana.com\/store\/#organization\"},\"potentialAction\":[{\"@type\":\"SearchAction\",\"target\":{\"@type\":\"EntryPoint\",\"urlTemplate\":\"https:\/\/intisana.com\/store\/?s={search_term_string}\"},\"query-input\":{\"@type\":\"PropertyValueSpecification\",\"valueRequired\":true,\"valueName\":\"search_term_string\"}}],\"inLanguage\":\"es\"},{\"@type\":\"Organization\",\"@id\":\"https:\/\/intisana.com\/store\/#organization\",\"name\":\"Intisana Store\",\"url\":\"https:\/\/intisana.com\/store\/\",\"logo\":{\"@type\":\"ImageObject\",\"inLanguage\":\"es\",\"@id\":\"https:\/\/intisana.com\/store\/#\/schema\/logo\/image\/\",\"url\":\"https:\/\/intisana.com\/store\/wp-content\/uploads\/2025\/09\/logo-intisana-shop-300x43-1-e1757964834151.png\",\"contentUrl\":\"https:\/\/intisana.com\/store\/wp-content\/uploads\/2025\/09\/logo-intisana-shop-300x43-1-e1757964834151.png\",\"width\":220,\"height\":32,\"caption\":\"Intisana Store\"},\"image\":{\"@id\":\"https:\/\/intisana.com\/store\/#\/schema\/logo\/image\/\"}}]}<\/script>\n<!-- \/ Yoast SEO plugin. -->","yoast_head_json":{"title":"Set de Madera Intisana - Intisana Store","description":"Set de madera con juego did\u00e1ctico y grabado l\u00e1ser del logo Intisana. Educativo, divertido y perfecto para estimular la mente.","robots":{"index":"index","follow":"follow","max-snippet":"max-snippet:-1","max-image-preview":"max-image-preview:large","max-video-preview":"max-video-preview:-1"},"canonical":"https:\/\/intisana.com\/store\/producto\/set-de-madera-intisana\/","og_locale":"es_ES","og_type":"article","og_title":"Set de Madera Intisana - Intisana Store","og_description":"Set de madera con juego did\u00e1ctico y grabado l\u00e1ser del logo Intisana. Educativo, divertido y perfecto para estimular la mente.","og_url":"https:\/\/intisana.com\/store\/producto\/set-de-madera-intisana\/","og_site_name":"Intisana Store","article_modified_time":"2025-04-08T15:54:06+00:00","og_image":[{"width":1000,"height":1000,"url":"https:\/\/intisana.com\/store\/wp-content\/uploads\/2025\/04\/DSC07753-madera.jpg","type":"image\/jpeg"}],"twitter_card":"summary_large_image","twitter_misc":{"Tiempo de lectura":"1 minuto"},"schema":{"@context":"https:\/\/schema.org","@graph":[{"@type":"WebPage","@id":"https:\/\/intisana.com\/store\/producto\/set-de-madera-intisana\/","url":"https:\/\/intisana.com\/store\/producto\/set-de-madera-intisana\/","name":"Set de Madera Intisana - Intisana Store","isPartOf":{"@id":"https:\/\/intisana.com\/store\/#website"},"primaryImageOfPage":{"@id":"https:\/\/intisana.com\/store\/producto\/set-de-madera-intisana\/#primaryimage"},"image":{"@id":"https:\/\/intisana.com\/store\/producto\/set-de-madera-intisana\/#primaryimage"},"thumbnailUrl":"https:\/\/intisana.com\/store\/wp-content\/uploads\/2025\/04\/DSC07753-madera.jpg","datePublished":"2025-04-08T13:11:10+00:00","dateModified":"2025-04-08T15:54:06+00:00","description":"Set de madera con juego did\u00e1ctico y grabado l\u00e1ser del logo Intisana. Educativo, divertido y perfecto para estimular la mente.","breadcrumb":{"@id":"https:\/\/intisana.com\/store\/producto\/set-de-madera-intisana\/#breadcrumb"},"inLanguage":"es","potentialAction":[{"@type":"ReadAction","target":["https:\/\/intisana.com\/store\/producto\/set-de-madera-intisana\/"]}]},{"@type":"ImageObject","inLanguage":"es","@id":"https:\/\/intisana.com\/store\/producto\/set-de-madera-intisana\/#primaryimage","url":"https:\/\/intisana.com\/store\/wp-content\/uploads\/2025\/04\/DSC07753-madera.jpg","contentUrl":"https:\/\/intisana.com\/store\/wp-content\/uploads\/2025\/04\/DSC07753-madera.jpg","width":1000,"height":1000},{"@type":"BreadcrumbList","@id":"https:\/\/intisana.com\/store\/producto\/set-de-madera-intisana\/#breadcrumb","itemListElement":[{"@type":"ListItem","position":1,"name":"Portada","item":"https:\/\/intisana.com\/store\/"},{"@type":"ListItem","position":2,"name":"Tienda","item":"https:\/\/intisana.com\/store\/tienda\/"},{"@type":"ListItem","position":3,"name":"Set de Madera Intisana"}]},{"@type":"WebSite","@id":"https:\/\/intisana.com\/store\/#website","url":"https:\/\/intisana.com\/store\/","name":"Intisana Store","description":"","publisher":{"@id":"https:\/\/intisana.com\/store\/#organization"},"potentialAction":[{"@type":"SearchAction","target":{"@type":"EntryPoint","urlTemplate":"https:\/\/intisana.com\/store\/?s={search_term_string}"},"query-input":{"@type":"PropertyValueSpecification","valueRequired":true,"valueName":"search_term_string"}}],"inLanguage":"es"},{"@type":"Organization","@id":"https:\/\/intisana.com\/store\/#organization","name":"Intisana Store","url":"https:\/\/intisana.com\/store\/","logo":{"@type":"ImageObject","inLanguage":"es","@id":"https:\/\/intisana.com\/store\/#\/schema\/logo\/image\/","url":"https:\/\/intisana.com\/store\/wp-content\/uploads\/2025\/09\/logo-intisana-shop-300x43-1-e1757964834151.png","contentUrl":"https:\/\/intisana.com\/store\/wp-content\/uploads\/2025\/09\/logo-intisana-shop-300x43-1-e1757964834151.png","width":220,"height":32,"caption":"Intisana Store"},"image":{"@id":"https:\/\/intisana.com\/store\/#\/schema\/logo\/image\/"}}]}},"_links":{"self":[{"href":"https:\/\/intisana.com\/store\/wp-json\/wp\/v2\/product\/1421","targetHints":{"allow":["GET"]}}],"collection":[{"href":"https:\/\/intisana.com\/store\/wp-json\/wp\/v2\/product"}],"about":[{"href":"https:\/\/intisana.com\/store\/wp-json\/wp\/v2\/types\/product"}],"replies":[{"embeddable":true,"href":"https:\/\/intisana.com\/store\/wp-json\/wp\/v2\/comments?post=1421"}],"wp:featuredmedia":[{"embeddable":true,"href":"https:\/\/intisana.com\/store\/wp-json\/wp\/v2\/media\/1440"}],"wp:attachment":[{"href":"https:\/\/intisana.com\/store\/wp-json\/wp\/v2\/media?parent=1421"}],"wp:term":[{"taxonomy":"product_brand","embeddable":true,"href":"https:\/\/intisana.com\/store\/wp-json\/wp\/v2\/product_brand?post=1421"},{"taxonomy":"product_cat","embeddable":true,"href":"https:\/\/intisana.com\/store\/wp-json\/wp\/v2\/product_cat?post=1421"},{"taxonomy":"product_tag","embeddable":true,"href":"https:\/\/intisana.com\/store\/wp-json\/wp\/v2\/product_tag?post=1421"}],"curies":[{"name":"wp","href":"https:\/\/api.w.org\/{rel}","templated":true}]}}