{"id":2095,"date":"2025-09-15T15:21:23","date_gmt":"2025-09-15T20:21:23","guid":{"rendered":"https:\/\/intisana.com\/store\/?post_type=product&#038;p=2095"},"modified":"2026-04-03T13:12:06","modified_gmt":"2026-04-03T18:12:06","slug":"comedor-secundaria","status":"publish","type":"product","link":"https:\/\/intisana.com\/store\/producto\/comedor-secundaria\/","title":{"rendered":"Comedor &#8211; 1er Curso a 6to Curso (precio con IVA)"},"content":{"rendered":"<p>El comedor del Colegio Intisana brinda a los estudiantes una alimentaci\u00f3n equilibrada y de calidad, pensada para acompa\u00f1ar su crecimiento y rendimiento acad\u00e9mico. Con men\u00fas variados y nutritivos, preparados bajo est\u00e1ndares de higiene y seguridad, ofrecemos un espacio c\u00f3modo y acogedor para la hora de los alimentos.<\/p>\n","protected":false},"excerpt":{"rendered":"<p>El comedor del Colegio Intisana brinda a los estudiantes una alimentaci\u00f3n equilibrada y de calidad, pensada para acompa\u00f1ar su crecimiento y rendimiento acad\u00e9mico. Con men\u00fas variados y nutritivos, preparados bajo est\u00e1ndares de higiene y seguridad, ofrecemos un espacio c\u00f3modo y acogedor para la hora de los alimentos.<\/p>\n","protected":false},"featured_media":2126,"comment_status":"open","ping_status":"closed","template":"","meta":[],"product_brand":[],"product_cat":[16,30],"product_tag":[],"class_list":{"0":"post-2095","1":"product","2":"type-product","3":"status-publish","4":"has-post-thumbnail","6":"product_cat-tienda","7":"product_cat-comedor-extracurriculares-colegio-intisana","9":"first","10":"instock","11":"purchasable","12":"product-type-simple"},"yoast_head":"<!-- This site is optimized with the Yoast SEO plugin v26.8 - https:\/\/yoast.com\/product\/yoast-seo-wordpress\/ -->\n<title>Comedor - 1er Curso a 6to Curso (precio con IVA) - Intisana Store<\/title>\n<meta name=\"description\" content=\"Accede al servicio de comedor y actividades extracurriculares del Colegio Intisana, con inscripciones y pagos en l\u00ednea de forma segura y sencilla.\" \/>\n<meta name=\"robots\" content=\"index, follow, max-snippet:-1, max-image-preview:large, max-video-preview:-1\" \/>\n<link rel=\"canonical\" href=\"https:\/\/intisana.com\/store\/producto\/comedor-secundaria\/\" \/>\n<meta property=\"og:locale\" content=\"es_ES\" \/>\n<meta property=\"og:type\" content=\"article\" \/>\n<meta property=\"og:title\" content=\"Comedor - 1er Curso a 6to Curso (precio con IVA) - Intisana Store\" \/>\n<meta property=\"og:description\" content=\"Accede al servicio de comedor y actividades extracurriculares del Colegio Intisana, con inscripciones y pagos en l\u00ednea de forma segura y sencilla.\" \/>\n<meta property=\"og:url\" content=\"https:\/\/intisana.com\/store\/producto\/comedor-secundaria\/\" \/>\n<meta property=\"og:site_name\" content=\"Intisana Store\" \/>\n<meta property=\"article:modified_time\" content=\"2026-04-03T18:12:06+00:00\" \/>\n<meta property=\"og:image\" content=\"https:\/\/intisana.com\/store\/wp-content\/uploads\/2025\/09\/come3.jpg\" \/>\n\t<meta property=\"og:image:width\" content=\"1000\" \/>\n\t<meta property=\"og:image:height\" content=\"1000\" \/>\n\t<meta property=\"og:image:type\" content=\"image\/jpeg\" \/>\n<meta name=\"twitter:card\" content=\"summary_large_image\" \/>\n<meta name=\"twitter:label1\" content=\"Tiempo de lectura\" \/>\n\t<meta name=\"twitter:data1\" content=\"1 minuto\" \/>\n<script type=\"application\/ld+json\" class=\"yoast-schema-graph\">{\"@context\":\"https:\/\/schema.org\",\"@graph\":[{\"@type\":\"WebPage\",\"@id\":\"https:\/\/intisana.com\/store\/producto\/comedor-secundaria\/\",\"url\":\"https:\/\/intisana.com\/store\/producto\/comedor-secundaria\/\",\"name\":\"Comedor - 1er Curso a 6to Curso (precio con IVA) - Intisana Store\",\"isPartOf\":{\"@id\":\"https:\/\/intisana.com\/store\/#website\"},\"primaryImageOfPage\":{\"@id\":\"https:\/\/intisana.com\/store\/producto\/comedor-secundaria\/#primaryimage\"},\"image\":{\"@id\":\"https:\/\/intisana.com\/store\/producto\/comedor-secundaria\/#primaryimage\"},\"thumbnailUrl\":\"https:\/\/intisana.com\/store\/wp-content\/uploads\/2025\/09\/come3.jpg\",\"datePublished\":\"2025-09-15T20:21:23+00:00\",\"dateModified\":\"2026-04-03T18:12:06+00:00\",\"description\":\"Accede al servicio de comedor y actividades extracurriculares del Colegio Intisana, con inscripciones y pagos en l\u00ednea de forma segura y sencilla.\",\"breadcrumb\":{\"@id\":\"https:\/\/intisana.com\/store\/producto\/comedor-secundaria\/#breadcrumb\"},\"inLanguage\":\"es\",\"potentialAction\":[{\"@type\":\"ReadAction\",\"target\":[\"https:\/\/intisana.com\/store\/producto\/comedor-secundaria\/\"]}]},{\"@type\":\"ImageObject\",\"inLanguage\":\"es\",\"@id\":\"https:\/\/intisana.com\/store\/producto\/comedor-secundaria\/#primaryimage\",\"url\":\"https:\/\/intisana.com\/store\/wp-content\/uploads\/2025\/09\/come3.jpg\",\"contentUrl\":\"https:\/\/intisana.com\/store\/wp-content\/uploads\/2025\/09\/come3.jpg\",\"width\":1000,\"height\":1000,\"caption\":\"Comedor\"},{\"@type\":\"BreadcrumbList\",\"@id\":\"https:\/\/intisana.com\/store\/producto\/comedor-secundaria\/#breadcrumb\",\"itemListElement\":[{\"@type\":\"ListItem\",\"position\":1,\"name\":\"Portada\",\"item\":\"https:\/\/intisana.com\/store\/\"},{\"@type\":\"ListItem\",\"position\":2,\"name\":\"Tienda\",\"item\":\"https:\/\/intisana.com\/store\/tienda\/\"},{\"@type\":\"ListItem\",\"position\":3,\"name\":\"Comedor &#8211; 1er Curso a 6to Curso (precio con IVA)\"}]},{\"@type\":\"WebSite\",\"@id\":\"https:\/\/intisana.com\/store\/#website\",\"url\":\"https:\/\/intisana.com\/store\/\",\"name\":\"Intisana Store\",\"description\":\"\",\"publisher\":{\"@id\":\"https:\/\/intisana.com\/store\/#organization\"},\"potentialAction\":[{\"@type\":\"SearchAction\",\"target\":{\"@type\":\"EntryPoint\",\"urlTemplate\":\"https:\/\/intisana.com\/store\/?s={search_term_string}\"},\"query-input\":{\"@type\":\"PropertyValueSpecification\",\"valueRequired\":true,\"valueName\":\"search_term_string\"}}],\"inLanguage\":\"es\"},{\"@type\":\"Organization\",\"@id\":\"https:\/\/intisana.com\/store\/#organization\",\"name\":\"Intisana Store\",\"url\":\"https:\/\/intisana.com\/store\/\",\"logo\":{\"@type\":\"ImageObject\",\"inLanguage\":\"es\",\"@id\":\"https:\/\/intisana.com\/store\/#\/schema\/logo\/image\/\",\"url\":\"https:\/\/intisana.com\/store\/wp-content\/uploads\/2025\/09\/logo-intisana-shop-300x43-1-e1757964834151.png\",\"contentUrl\":\"https:\/\/intisana.com\/store\/wp-content\/uploads\/2025\/09\/logo-intisana-shop-300x43-1-e1757964834151.png\",\"width\":220,\"height\":32,\"caption\":\"Intisana Store\"},\"image\":{\"@id\":\"https:\/\/intisana.com\/store\/#\/schema\/logo\/image\/\"}}]}<\/script>\n<!-- \/ Yoast SEO plugin. -->","yoast_head_json":{"title":"Comedor - 1er Curso a 6to Curso (precio con IVA) - Intisana Store","description":"Accede al servicio de comedor y actividades extracurriculares del Colegio Intisana, con inscripciones y pagos en l\u00ednea de forma segura y sencilla.","robots":{"index":"index","follow":"follow","max-snippet":"max-snippet:-1","max-image-preview":"max-image-preview:large","max-video-preview":"max-video-preview:-1"},"canonical":"https:\/\/intisana.com\/store\/producto\/comedor-secundaria\/","og_locale":"es_ES","og_type":"article","og_title":"Comedor - 1er Curso a 6to Curso (precio con IVA) - Intisana Store","og_description":"Accede al servicio de comedor y actividades extracurriculares del Colegio Intisana, con inscripciones y pagos en l\u00ednea de forma segura y sencilla.","og_url":"https:\/\/intisana.com\/store\/producto\/comedor-secundaria\/","og_site_name":"Intisana Store","article_modified_time":"2026-04-03T18:12:06+00:00","og_image":[{"width":1000,"height":1000,"url":"https:\/\/intisana.com\/store\/wp-content\/uploads\/2025\/09\/come3.jpg","type":"image\/jpeg"}],"twitter_card":"summary_large_image","twitter_misc":{"Tiempo de lectura":"1 minuto"},"schema":{"@context":"https:\/\/schema.org","@graph":[{"@type":"WebPage","@id":"https:\/\/intisana.com\/store\/producto\/comedor-secundaria\/","url":"https:\/\/intisana.com\/store\/producto\/comedor-secundaria\/","name":"Comedor - 1er Curso a 6to Curso (precio con IVA) - Intisana Store","isPartOf":{"@id":"https:\/\/intisana.com\/store\/#website"},"primaryImageOfPage":{"@id":"https:\/\/intisana.com\/store\/producto\/comedor-secundaria\/#primaryimage"},"image":{"@id":"https:\/\/intisana.com\/store\/producto\/comedor-secundaria\/#primaryimage"},"thumbnailUrl":"https:\/\/intisana.com\/store\/wp-content\/uploads\/2025\/09\/come3.jpg","datePublished":"2025-09-15T20:21:23+00:00","dateModified":"2026-04-03T18:12:06+00:00","description":"Accede al servicio de comedor y actividades extracurriculares del Colegio Intisana, con inscripciones y pagos en l\u00ednea de forma segura y sencilla.","breadcrumb":{"@id":"https:\/\/intisana.com\/store\/producto\/comedor-secundaria\/#breadcrumb"},"inLanguage":"es","potentialAction":[{"@type":"ReadAction","target":["https:\/\/intisana.com\/store\/producto\/comedor-secundaria\/"]}]},{"@type":"ImageObject","inLanguage":"es","@id":"https:\/\/intisana.com\/store\/producto\/comedor-secundaria\/#primaryimage","url":"https:\/\/intisana.com\/store\/wp-content\/uploads\/2025\/09\/come3.jpg","contentUrl":"https:\/\/intisana.com\/store\/wp-content\/uploads\/2025\/09\/come3.jpg","width":1000,"height":1000,"caption":"Comedor"},{"@type":"BreadcrumbList","@id":"https:\/\/intisana.com\/store\/producto\/comedor-secundaria\/#breadcrumb","itemListElement":[{"@type":"ListItem","position":1,"name":"Portada","item":"https:\/\/intisana.com\/store\/"},{"@type":"ListItem","position":2,"name":"Tienda","item":"https:\/\/intisana.com\/store\/tienda\/"},{"@type":"ListItem","position":3,"name":"Comedor &#8211; 1er Curso a 6to Curso (precio con IVA)"}]},{"@type":"WebSite","@id":"https:\/\/intisana.com\/store\/#website","url":"https:\/\/intisana.com\/store\/","name":"Intisana Store","description":"","publisher":{"@id":"https:\/\/intisana.com\/store\/#organization"},"potentialAction":[{"@type":"SearchAction","target":{"@type":"EntryPoint","urlTemplate":"https:\/\/intisana.com\/store\/?s={search_term_string}"},"query-input":{"@type":"PropertyValueSpecification","valueRequired":true,"valueName":"search_term_string"}}],"inLanguage":"es"},{"@type":"Organization","@id":"https:\/\/intisana.com\/store\/#organization","name":"Intisana Store","url":"https:\/\/intisana.com\/store\/","logo":{"@type":"ImageObject","inLanguage":"es","@id":"https:\/\/intisana.com\/store\/#\/schema\/logo\/image\/","url":"https:\/\/intisana.com\/store\/wp-content\/uploads\/2025\/09\/logo-intisana-shop-300x43-1-e1757964834151.png","contentUrl":"https:\/\/intisana.com\/store\/wp-content\/uploads\/2025\/09\/logo-intisana-shop-300x43-1-e1757964834151.png","width":220,"height":32,"caption":"Intisana Store"},"image":{"@id":"https:\/\/intisana.com\/store\/#\/schema\/logo\/image\/"}}]}},"_links":{"self":[{"href":"https:\/\/intisana.com\/store\/wp-json\/wp\/v2\/product\/2095","targetHints":{"allow":["GET"]}}],"collection":[{"href":"https:\/\/intisana.com\/store\/wp-json\/wp\/v2\/product"}],"about":[{"href":"https:\/\/intisana.com\/store\/wp-json\/wp\/v2\/types\/product"}],"replies":[{"embeddable":true,"href":"https:\/\/intisana.com\/store\/wp-json\/wp\/v2\/comments?post=2095"}],"wp:featuredmedia":[{"embeddable":true,"href":"https:\/\/intisana.com\/store\/wp-json\/wp\/v2\/media\/2126"}],"wp:attachment":[{"href":"https:\/\/intisana.com\/store\/wp-json\/wp\/v2\/media?parent=2095"}],"wp:term":[{"taxonomy":"product_brand","embeddable":true,"href":"https:\/\/intisana.com\/store\/wp-json\/wp\/v2\/product_brand?post=2095"},{"taxonomy":"product_cat","embeddable":true,"href":"https:\/\/intisana.com\/store\/wp-json\/wp\/v2\/product_cat?post=2095"},{"taxonomy":"product_tag","embeddable":true,"href":"https:\/\/intisana.com\/store\/wp-json\/wp\/v2\/product_tag?post=2095"}],"curies":[{"name":"wp","href":"https:\/\/api.w.org\/{rel}","templated":true}]}}