{"id":2141,"date":"2025-09-17T13:48:50","date_gmt":"2025-09-17T18:48:50","guid":{"rendered":"https:\/\/intisana.com\/store\/?post_type=product&#038;p=2141"},"modified":"2026-02-17T17:10:34","modified_gmt":"2026-02-17T22:10:34","slug":"bachillerato-internacional-5to","status":"publish","type":"product","link":"https:\/\/intisana.com\/store\/producto\/bachillerato-internacional-5to\/","title":{"rendered":"Bachillerato Internacional &#8211; 5to Curso"},"content":{"rendered":"<p data-start=\"189\" data-end=\"469\">Facilitamos a los <strong>padres de familia<\/strong> un sistema confiable y pr\u00e1ctico para cumplir con la obligaci\u00f3n mensual de pensiones escolares. A trav\u00e9s de esta plataforma podr\u00e1s realizar el pago de manera r\u00e1pida, segura y desde cualquier dispositivo, <strong>sin necesidad de tr\u00e1mites presenciales.<\/strong><\/p>\n<p data-start=\"471\" data-end=\"493\"><strong data-start=\"471\" data-end=\"491\">Caracter\u00edsticas:<\/strong><\/p>\n<ul data-start=\"494\" data-end=\"704\">\n<li data-start=\"494\" data-end=\"528\">\n<p data-start=\"496\" data-end=\"528\">Pago en l\u00ednea disponible 24\/7.<\/p>\n<\/li>\n<li data-start=\"529\" data-end=\"582\">\n<p data-start=\"531\" data-end=\"582\">Proceso \u00e1gil y seguro con respaldo institucional.<\/p>\n<\/li>\n<li data-start=\"529\" data-end=\"582\">Registro autom\u00e1tico.<\/li>\n<li data-start=\"632\" data-end=\"704\">\n<p data-start=\"634\" data-end=\"704\">Dise\u00f1ado exclusivamente para padres de familia del Colegio Intisana.<\/p>\n<\/li>\n<\/ul>\n","protected":false},"excerpt":{"rendered":"<p>Facilitamos a los padres de familia un sistema confiable y pr\u00e1ctico para cumplir con la obligaci\u00f3n mensual de pensiones escolares. A trav\u00e9s de esta plataforma podr\u00e1s realizar el pago de manera r\u00e1pida, segura y desde cualquier dispositivo, sin necesidad de tr\u00e1mites presenciales. Caracter\u00edsticas: Pago en l\u00ednea disponible 24\/7. Proceso \u00e1gil y seguro con respaldo institucional. [&hellip;]<\/p>\n","protected":false},"featured_media":2124,"comment_status":"open","ping_status":"closed","template":"","meta":[],"product_brand":[],"product_cat":[16,31],"product_tag":[],"class_list":{"0":"post-2141","1":"product","2":"type-product","3":"status-publish","4":"has-post-thumbnail","6":"product_cat-tienda","7":"product_cat-bachillerato-internacional","9":"first","10":"instock","11":"purchasable","12":"product-type-simple"},"yoast_head":"<!-- This site is optimized with the Yoast SEO plugin v26.8 - https:\/\/yoast.com\/product\/yoast-seo-wordpress\/ -->\n<title>Bachillerato Internacional - 5to Curso - Intisana Store<\/title>\n<meta name=\"description\" content=\"Descubre el Bachillerato Internacional: una formaci\u00f3n acad\u00e9mica de excelencia, con enfoque global, pensamiento cr\u00edtico y valores.\" \/>\n<meta name=\"robots\" content=\"index, follow, max-snippet:-1, max-image-preview:large, max-video-preview:-1\" \/>\n<link rel=\"canonical\" href=\"https:\/\/intisana.com\/store\/producto\/bachillerato-internacional-5to\/\" \/>\n<meta property=\"og:locale\" content=\"es_ES\" \/>\n<meta property=\"og:type\" content=\"article\" \/>\n<meta property=\"og:title\" content=\"Bachillerato Internacional - 5to Curso - Intisana Store\" \/>\n<meta property=\"og:description\" content=\"Descubre el Bachillerato Internacional: una formaci\u00f3n acad\u00e9mica de excelencia, con enfoque global, pensamiento cr\u00edtico y valores.\" \/>\n<meta property=\"og:url\" content=\"https:\/\/intisana.com\/store\/producto\/bachillerato-internacional-5to\/\" \/>\n<meta property=\"og:site_name\" content=\"Intisana Store\" \/>\n<meta property=\"article:modified_time\" content=\"2026-02-17T22:10:34+00:00\" \/>\n<meta property=\"og:image\" content=\"https:\/\/intisana.com\/store\/wp-content\/uploads\/2025\/09\/bach2.jpg\" \/>\n\t<meta property=\"og:image:width\" content=\"1000\" \/>\n\t<meta property=\"og:image:height\" content=\"1000\" \/>\n\t<meta property=\"og:image:type\" content=\"image\/jpeg\" \/>\n<meta name=\"twitter:card\" content=\"summary_large_image\" \/>\n<meta name=\"twitter:label1\" content=\"Tiempo de lectura\" \/>\n\t<meta name=\"twitter:data1\" content=\"1 minuto\" \/>\n<script type=\"application\/ld+json\" class=\"yoast-schema-graph\">{\"@context\":\"https:\/\/schema.org\",\"@graph\":[{\"@type\":\"WebPage\",\"@id\":\"https:\/\/intisana.com\/store\/producto\/bachillerato-internacional-5to\/\",\"url\":\"https:\/\/intisana.com\/store\/producto\/bachillerato-internacional-5to\/\",\"name\":\"Bachillerato Internacional - 5to Curso - Intisana Store\",\"isPartOf\":{\"@id\":\"https:\/\/intisana.com\/store\/#website\"},\"primaryImageOfPage\":{\"@id\":\"https:\/\/intisana.com\/store\/producto\/bachillerato-internacional-5to\/#primaryimage\"},\"image\":{\"@id\":\"https:\/\/intisana.com\/store\/producto\/bachillerato-internacional-5to\/#primaryimage\"},\"thumbnailUrl\":\"https:\/\/intisana.com\/store\/wp-content\/uploads\/2025\/09\/bach2.jpg\",\"datePublished\":\"2025-09-17T18:48:50+00:00\",\"dateModified\":\"2026-02-17T22:10:34+00:00\",\"description\":\"Descubre el Bachillerato Internacional: una formaci\u00f3n acad\u00e9mica de excelencia, con enfoque global, pensamiento cr\u00edtico y valores.\",\"breadcrumb\":{\"@id\":\"https:\/\/intisana.com\/store\/producto\/bachillerato-internacional-5to\/#breadcrumb\"},\"inLanguage\":\"es\",\"potentialAction\":[{\"@type\":\"ReadAction\",\"target\":[\"https:\/\/intisana.com\/store\/producto\/bachillerato-internacional-5to\/\"]}]},{\"@type\":\"ImageObject\",\"inLanguage\":\"es\",\"@id\":\"https:\/\/intisana.com\/store\/producto\/bachillerato-internacional-5to\/#primaryimage\",\"url\":\"https:\/\/intisana.com\/store\/wp-content\/uploads\/2025\/09\/bach2.jpg\",\"contentUrl\":\"https:\/\/intisana.com\/store\/wp-content\/uploads\/2025\/09\/bach2.jpg\",\"width\":1000,\"height\":1000,\"caption\":\"Bachillerato\"},{\"@type\":\"BreadcrumbList\",\"@id\":\"https:\/\/intisana.com\/store\/producto\/bachillerato-internacional-5to\/#breadcrumb\",\"itemListElement\":[{\"@type\":\"ListItem\",\"position\":1,\"name\":\"Portada\",\"item\":\"https:\/\/intisana.com\/store\/\"},{\"@type\":\"ListItem\",\"position\":2,\"name\":\"Tienda\",\"item\":\"https:\/\/intisana.com\/store\/tienda\/\"},{\"@type\":\"ListItem\",\"position\":3,\"name\":\"Bachillerato Internacional &#8211; 5to Curso\"}]},{\"@type\":\"WebSite\",\"@id\":\"https:\/\/intisana.com\/store\/#website\",\"url\":\"https:\/\/intisana.com\/store\/\",\"name\":\"Intisana Store\",\"description\":\"\",\"publisher\":{\"@id\":\"https:\/\/intisana.com\/store\/#organization\"},\"potentialAction\":[{\"@type\":\"SearchAction\",\"target\":{\"@type\":\"EntryPoint\",\"urlTemplate\":\"https:\/\/intisana.com\/store\/?s={search_term_string}\"},\"query-input\":{\"@type\":\"PropertyValueSpecification\",\"valueRequired\":true,\"valueName\":\"search_term_string\"}}],\"inLanguage\":\"es\"},{\"@type\":\"Organization\",\"@id\":\"https:\/\/intisana.com\/store\/#organization\",\"name\":\"Intisana Store\",\"url\":\"https:\/\/intisana.com\/store\/\",\"logo\":{\"@type\":\"ImageObject\",\"inLanguage\":\"es\",\"@id\":\"https:\/\/intisana.com\/store\/#\/schema\/logo\/image\/\",\"url\":\"https:\/\/intisana.com\/store\/wp-content\/uploads\/2025\/09\/logo-intisana-shop-300x43-1-e1757964834151.png\",\"contentUrl\":\"https:\/\/intisana.com\/store\/wp-content\/uploads\/2025\/09\/logo-intisana-shop-300x43-1-e1757964834151.png\",\"width\":220,\"height\":32,\"caption\":\"Intisana Store\"},\"image\":{\"@id\":\"https:\/\/intisana.com\/store\/#\/schema\/logo\/image\/\"}}]}<\/script>\n<!-- \/ Yoast SEO plugin. -->","yoast_head_json":{"title":"Bachillerato Internacional - 5to Curso - Intisana Store","description":"Descubre el Bachillerato Internacional: una formaci\u00f3n acad\u00e9mica de excelencia, con enfoque global, pensamiento cr\u00edtico y valores.","robots":{"index":"index","follow":"follow","max-snippet":"max-snippet:-1","max-image-preview":"max-image-preview:large","max-video-preview":"max-video-preview:-1"},"canonical":"https:\/\/intisana.com\/store\/producto\/bachillerato-internacional-5to\/","og_locale":"es_ES","og_type":"article","og_title":"Bachillerato Internacional - 5to Curso - Intisana Store","og_description":"Descubre el Bachillerato Internacional: una formaci\u00f3n acad\u00e9mica de excelencia, con enfoque global, pensamiento cr\u00edtico y valores.","og_url":"https:\/\/intisana.com\/store\/producto\/bachillerato-internacional-5to\/","og_site_name":"Intisana Store","article_modified_time":"2026-02-17T22:10:34+00:00","og_image":[{"width":1000,"height":1000,"url":"https:\/\/intisana.com\/store\/wp-content\/uploads\/2025\/09\/bach2.jpg","type":"image\/jpeg"}],"twitter_card":"summary_large_image","twitter_misc":{"Tiempo de lectura":"1 minuto"},"schema":{"@context":"https:\/\/schema.org","@graph":[{"@type":"WebPage","@id":"https:\/\/intisana.com\/store\/producto\/bachillerato-internacional-5to\/","url":"https:\/\/intisana.com\/store\/producto\/bachillerato-internacional-5to\/","name":"Bachillerato Internacional - 5to Curso - Intisana Store","isPartOf":{"@id":"https:\/\/intisana.com\/store\/#website"},"primaryImageOfPage":{"@id":"https:\/\/intisana.com\/store\/producto\/bachillerato-internacional-5to\/#primaryimage"},"image":{"@id":"https:\/\/intisana.com\/store\/producto\/bachillerato-internacional-5to\/#primaryimage"},"thumbnailUrl":"https:\/\/intisana.com\/store\/wp-content\/uploads\/2025\/09\/bach2.jpg","datePublished":"2025-09-17T18:48:50+00:00","dateModified":"2026-02-17T22:10:34+00:00","description":"Descubre el Bachillerato Internacional: una formaci\u00f3n acad\u00e9mica de excelencia, con enfoque global, pensamiento cr\u00edtico y valores.","breadcrumb":{"@id":"https:\/\/intisana.com\/store\/producto\/bachillerato-internacional-5to\/#breadcrumb"},"inLanguage":"es","potentialAction":[{"@type":"ReadAction","target":["https:\/\/intisana.com\/store\/producto\/bachillerato-internacional-5to\/"]}]},{"@type":"ImageObject","inLanguage":"es","@id":"https:\/\/intisana.com\/store\/producto\/bachillerato-internacional-5to\/#primaryimage","url":"https:\/\/intisana.com\/store\/wp-content\/uploads\/2025\/09\/bach2.jpg","contentUrl":"https:\/\/intisana.com\/store\/wp-content\/uploads\/2025\/09\/bach2.jpg","width":1000,"height":1000,"caption":"Bachillerato"},{"@type":"BreadcrumbList","@id":"https:\/\/intisana.com\/store\/producto\/bachillerato-internacional-5to\/#breadcrumb","itemListElement":[{"@type":"ListItem","position":1,"name":"Portada","item":"https:\/\/intisana.com\/store\/"},{"@type":"ListItem","position":2,"name":"Tienda","item":"https:\/\/intisana.com\/store\/tienda\/"},{"@type":"ListItem","position":3,"name":"Bachillerato Internacional &#8211; 5to Curso"}]},{"@type":"WebSite","@id":"https:\/\/intisana.com\/store\/#website","url":"https:\/\/intisana.com\/store\/","name":"Intisana Store","description":"","publisher":{"@id":"https:\/\/intisana.com\/store\/#organization"},"potentialAction":[{"@type":"SearchAction","target":{"@type":"EntryPoint","urlTemplate":"https:\/\/intisana.com\/store\/?s={search_term_string}"},"query-input":{"@type":"PropertyValueSpecification","valueRequired":true,"valueName":"search_term_string"}}],"inLanguage":"es"},{"@type":"Organization","@id":"https:\/\/intisana.com\/store\/#organization","name":"Intisana Store","url":"https:\/\/intisana.com\/store\/","logo":{"@type":"ImageObject","inLanguage":"es","@id":"https:\/\/intisana.com\/store\/#\/schema\/logo\/image\/","url":"https:\/\/intisana.com\/store\/wp-content\/uploads\/2025\/09\/logo-intisana-shop-300x43-1-e1757964834151.png","contentUrl":"https:\/\/intisana.com\/store\/wp-content\/uploads\/2025\/09\/logo-intisana-shop-300x43-1-e1757964834151.png","width":220,"height":32,"caption":"Intisana Store"},"image":{"@id":"https:\/\/intisana.com\/store\/#\/schema\/logo\/image\/"}}]}},"_links":{"self":[{"href":"https:\/\/intisana.com\/store\/wp-json\/wp\/v2\/product\/2141","targetHints":{"allow":["GET"]}}],"collection":[{"href":"https:\/\/intisana.com\/store\/wp-json\/wp\/v2\/product"}],"about":[{"href":"https:\/\/intisana.com\/store\/wp-json\/wp\/v2\/types\/product"}],"replies":[{"embeddable":true,"href":"https:\/\/intisana.com\/store\/wp-json\/wp\/v2\/comments?post=2141"}],"wp:featuredmedia":[{"embeddable":true,"href":"https:\/\/intisana.com\/store\/wp-json\/wp\/v2\/media\/2124"}],"wp:attachment":[{"href":"https:\/\/intisana.com\/store\/wp-json\/wp\/v2\/media?parent=2141"}],"wp:term":[{"taxonomy":"product_brand","embeddable":true,"href":"https:\/\/intisana.com\/store\/wp-json\/wp\/v2\/product_brand?post=2141"},{"taxonomy":"product_cat","embeddable":true,"href":"https:\/\/intisana.com\/store\/wp-json\/wp\/v2\/product_cat?post=2141"},{"taxonomy":"product_tag","embeddable":true,"href":"https:\/\/intisana.com\/store\/wp-json\/wp\/v2\/product_tag?post=2141"}],"curies":[{"name":"wp","href":"https:\/\/api.w.org\/{rel}","templated":true}]}}